{"id":848,"date":"2024-06-26T17:59:31","date_gmt":"2024-06-26T15:59:31","guid":{"rendered":"https:\/\/economiafamiliar.net\/?post_type=product&#038;p=848"},"modified":"2024-08-06T19:05:04","modified_gmt":"2024-08-06T17:05:04","slug":"gestion-economica-para-madres-y-padres-solters","status":"publish","type":"product","link":"https:\/\/economiafamiliar.net\/ca\/producte\/gestion-economica-para-madres-y-padres-solters\/","title":{"rendered":"\u00abGesti\u00f3n Econ\u00f3mica para Madres y Padres Solter@s\u00bb"},"content":{"rendered":"<p>Aprendre a maximitzar els seus recursos i assegurar un futur brillant per a tu i els teus fills. Un curs fet a mida per la realitat de les fam\u00edlies monoparentals.<\/p>\n<p>Unir-se al Curs<\/p>","protected":false},"excerpt":{"rendered":"<p>Aprende a maximizar tus recursos y asegurar un futuro brillante para ti y tus hijos. Un curso hecho a medida para la realidad de las familias monoparentales. \u00danete al Curso<\/p>","protected":false},"featured_media":932,"comment_status":"open","ping_status":"closed","template":"","meta":[],"product_cat":[25,32,29],"product_tag":[],"yoast_head":"<!-- This site is optimized with the Yoast SEO plugin v22.9 - https:\/\/yoast.com\/wordpress\/plugins\/seo\/ -->\n<title>&quot;Gesti\u00f3n Econ\u00f3mica para Madres y Padres Solter@s&quot; - econom\u00edafamliar.net<\/title>\n<meta name=\"robots\" content=\"index, follow, max-snippet:-1, max-image-preview:large, max-video-preview:-1\" \/>\n<link rel=\"canonical\" href=\"https:\/\/economiafamiliar.net\/ca\/producte\/gestion-economica-para-madres-y-padres-solters\/\" \/>\n<meta property=\"og:locale\" content=\"ca_ES\" \/>\n<meta property=\"og:type\" content=\"article\" \/>\n<meta property=\"og:title\" content=\"&quot;Gesti\u00f3n Econ\u00f3mica para Madres y Padres Solter@s&quot; - econom\u00edafamliar.net\" \/>\n<meta property=\"og:description\" content=\"Aprende a maximizar tus recursos y asegurar un futuro brillante para ti y tus hijos. Un curso hecho a medida para la realidad de las familias monoparentales. \u00danete al Curso\" \/>\n<meta property=\"og:url\" content=\"https:\/\/economiafamiliar.net\/ca\/producte\/gestion-economica-para-madres-y-padres-solters\/\" \/>\n<meta property=\"og:site_name\" content=\"econom\u00edafamliar.net\" \/>\n<meta property=\"article:modified_time\" content=\"2024-08-06T17:05:04+00:00\" \/>\n<meta property=\"og:image\" content=\"http:\/\/economiafamiliar.net\/wp-content\/uploads\/1-Gesti\u00a2n-Econ\u00a2mica-para-Madres-y-Padres-Solter@s.webp\" \/>\n\t<meta property=\"og:image:width\" content=\"1792\" \/>\n\t<meta property=\"og:image:height\" content=\"1024\" \/>\n\t<meta property=\"og:image:type\" content=\"image\/webp\" \/>\n<meta name=\"twitter:card\" content=\"summary_large_image\" \/>\n<meta name=\"twitter:label1\" content=\"Temps estimat de lectura\" \/>\n\t<meta name=\"twitter:data1\" content=\"1 minut\" \/>\n<script type=\"application\/ld+json\" class=\"yoast-schema-graph\">{\"@context\":\"https:\/\/schema.org\",\"@graph\":[{\"@type\":\"WebPage\",\"@id\":\"https:\/\/economiafamiliar.net\/producto\/gestion-economica-para-madres-y-padres-solters\/\",\"url\":\"https:\/\/economiafamiliar.net\/producto\/gestion-economica-para-madres-y-padres-solters\/\",\"name\":\"\\\"Gesti\u00f3n Econ\u00f3mica para Madres y Padres Solter@s\\\" - econom\u00edafamliar.net\",\"isPartOf\":{\"@id\":\"https:\/\/economiafamiliar.net\/#website\"},\"primaryImageOfPage\":{\"@id\":\"https:\/\/economiafamiliar.net\/producto\/gestion-economica-para-madres-y-padres-solters\/#primaryimage\"},\"image\":{\"@id\":\"https:\/\/economiafamiliar.net\/producto\/gestion-economica-para-madres-y-padres-solters\/#primaryimage\"},\"thumbnailUrl\":\"https:\/\/economiafamiliar.net\/wp-content\/uploads\/1-Gesti\u00a2n-Econ\u00a2mica-para-Madres-y-Padres-Solter@s.webp\",\"datePublished\":\"2024-06-26T15:59:31+00:00\",\"dateModified\":\"2024-08-06T17:05:04+00:00\",\"breadcrumb\":{\"@id\":\"https:\/\/economiafamiliar.net\/producto\/gestion-economica-para-madres-y-padres-solters\/#breadcrumb\"},\"inLanguage\":\"ca\",\"potentialAction\":[{\"@type\":\"ReadAction\",\"target\":[\"https:\/\/economiafamiliar.net\/producto\/gestion-economica-para-madres-y-padres-solters\/\"]}]},{\"@type\":\"ImageObject\",\"inLanguage\":\"ca\",\"@id\":\"https:\/\/economiafamiliar.net\/producto\/gestion-economica-para-madres-y-padres-solters\/#primaryimage\",\"url\":\"https:\/\/economiafamiliar.net\/wp-content\/uploads\/1-Gesti\u00a2n-Econ\u00a2mica-para-Madres-y-Padres-Solter@s.webp\",\"contentUrl\":\"https:\/\/economiafamiliar.net\/wp-content\/uploads\/1-Gesti\u00a2n-Econ\u00a2mica-para-Madres-y-Padres-Solter@s.webp\",\"width\":1792,\"height\":1024},{\"@type\":\"BreadcrumbList\",\"@id\":\"https:\/\/economiafamiliar.net\/producto\/gestion-economica-para-madres-y-padres-solters\/#breadcrumb\",\"itemListElement\":[{\"@type\":\"ListItem\",\"position\":1,\"name\":\"Portada\",\"item\":\"https:\/\/economiafamiliar.net\/\"},{\"@type\":\"ListItem\",\"position\":2,\"name\":\"Tienda\",\"item\":\"https:\/\/economiafamiliar.net\/tienda\/\"},{\"@type\":\"ListItem\",\"position\":3,\"name\":\"\u00abGesti\u00f3n Econ\u00f3mica para Madres y Padres Solter@s\u00bb\"}]},{\"@type\":\"WebSite\",\"@id\":\"https:\/\/economiafamiliar.net\/#website\",\"url\":\"https:\/\/economiafamiliar.net\/\",\"name\":\"econom\u00edafamliar.net\",\"description\":\"\",\"publisher\":{\"@id\":\"https:\/\/economiafamiliar.net\/#organization\"},\"potentialAction\":[{\"@type\":\"SearchAction\",\"target\":{\"@type\":\"EntryPoint\",\"urlTemplate\":\"https:\/\/economiafamiliar.net\/?s={search_term_string}\"},\"query-input\":\"required name=search_term_string\"}],\"inLanguage\":\"ca\"},{\"@type\":\"Organization\",\"@id\":\"https:\/\/economiafamiliar.net\/#organization\",\"name\":\"econom\u00edafamliar.net\",\"url\":\"https:\/\/economiafamiliar.net\/\",\"logo\":{\"@type\":\"ImageObject\",\"inLanguage\":\"ca\",\"@id\":\"https:\/\/economiafamiliar.net\/#\/schema\/logo\/image\/\",\"url\":\"https:\/\/economiafamiliar.net\/wp-content\/uploads\/cropped-Copia-de-Copia-de-Continuacio-de-2EF-1-removebg-preview.png\",\"contentUrl\":\"https:\/\/economiafamiliar.net\/wp-content\/uploads\/cropped-Copia-de-Copia-de-Continuacio-de-2EF-1-removebg-preview.png\",\"width\":500,\"height\":500,\"caption\":\"econom\u00edafamliar.net\"},\"image\":{\"@id\":\"https:\/\/economiafamiliar.net\/#\/schema\/logo\/image\/\"}}]}<\/script>\n<!-- \/ Yoast SEO plugin. -->","yoast_head_json":{"title":"\"Gesti\u00f3n Econ\u00f3mica para Madres y Padres Solter@s\" - econom\u00edafamliar.net","robots":{"index":"index","follow":"follow","max-snippet":"max-snippet:-1","max-image-preview":"max-image-preview:large","max-video-preview":"max-video-preview:-1"},"canonical":"https:\/\/economiafamiliar.net\/ca\/producte\/gestion-economica-para-madres-y-padres-solters\/","og_locale":"ca_ES","og_type":"article","og_title":"\"Gesti\u00f3n Econ\u00f3mica para Madres y Padres Solter@s\" - econom\u00edafamliar.net","og_description":"Aprende a maximizar tus recursos y asegurar un futuro brillante para ti y tus hijos. Un curso hecho a medida para la realidad de las familias monoparentales. \u00danete al Curso","og_url":"https:\/\/economiafamiliar.net\/ca\/producte\/gestion-economica-para-madres-y-padres-solters\/","og_site_name":"econom\u00edafamliar.net","article_modified_time":"2024-08-06T17:05:04+00:00","og_image":[{"width":1792,"height":1024,"url":"http:\/\/economiafamiliar.net\/wp-content\/uploads\/1-Gesti\u00a2n-Econ\u00a2mica-para-Madres-y-Padres-Solter@s.webp","type":"image\/webp"}],"twitter_card":"summary_large_image","twitter_misc":{"Temps estimat de lectura":"1 minut"},"schema":{"@context":"https:\/\/schema.org","@graph":[{"@type":"WebPage","@id":"https:\/\/economiafamiliar.net\/producto\/gestion-economica-para-madres-y-padres-solters\/","url":"https:\/\/economiafamiliar.net\/producto\/gestion-economica-para-madres-y-padres-solters\/","name":"\"Gesti\u00f3n Econ\u00f3mica para Madres y Padres Solter@s\" - econom\u00edafamliar.net","isPartOf":{"@id":"https:\/\/economiafamiliar.net\/#website"},"primaryImageOfPage":{"@id":"https:\/\/economiafamiliar.net\/producto\/gestion-economica-para-madres-y-padres-solters\/#primaryimage"},"image":{"@id":"https:\/\/economiafamiliar.net\/producto\/gestion-economica-para-madres-y-padres-solters\/#primaryimage"},"thumbnailUrl":"https:\/\/economiafamiliar.net\/wp-content\/uploads\/1-Gesti\u00a2n-Econ\u00a2mica-para-Madres-y-Padres-Solter@s.webp","datePublished":"2024-06-26T15:59:31+00:00","dateModified":"2024-08-06T17:05:04+00:00","breadcrumb":{"@id":"https:\/\/economiafamiliar.net\/producto\/gestion-economica-para-madres-y-padres-solters\/#breadcrumb"},"inLanguage":"ca","potentialAction":[{"@type":"ReadAction","target":["https:\/\/economiafamiliar.net\/producto\/gestion-economica-para-madres-y-padres-solters\/"]}]},{"@type":"ImageObject","inLanguage":"ca","@id":"https:\/\/economiafamiliar.net\/producto\/gestion-economica-para-madres-y-padres-solters\/#primaryimage","url":"https:\/\/economiafamiliar.net\/wp-content\/uploads\/1-Gesti\u00a2n-Econ\u00a2mica-para-Madres-y-Padres-Solter@s.webp","contentUrl":"https:\/\/economiafamiliar.net\/wp-content\/uploads\/1-Gesti\u00a2n-Econ\u00a2mica-para-Madres-y-Padres-Solter@s.webp","width":1792,"height":1024},{"@type":"BreadcrumbList","@id":"https:\/\/economiafamiliar.net\/producto\/gestion-economica-para-madres-y-padres-solters\/#breadcrumb","itemListElement":[{"@type":"ListItem","position":1,"name":"Portada","item":"https:\/\/economiafamiliar.net\/"},{"@type":"ListItem","position":2,"name":"Tienda","item":"https:\/\/economiafamiliar.net\/tienda\/"},{"@type":"ListItem","position":3,"name":"\u00abGesti\u00f3n Econ\u00f3mica para Madres y Padres Solter@s\u00bb"}]},{"@type":"WebSite","@id":"https:\/\/economiafamiliar.net\/#website","url":"https:\/\/economiafamiliar.net\/","name":"econom\u00edafamliar.net","description":"","publisher":{"@id":"https:\/\/economiafamiliar.net\/#organization"},"potentialAction":[{"@type":"SearchAction","target":{"@type":"EntryPoint","urlTemplate":"https:\/\/economiafamiliar.net\/?s={search_term_string}"},"query-input":"required name=search_term_string"}],"inLanguage":"ca"},{"@type":"Organization","@id":"https:\/\/economiafamiliar.net\/#organization","name":"econom\u00edafamliar.net","url":"https:\/\/economiafamiliar.net\/","logo":{"@type":"ImageObject","inLanguage":"ca","@id":"https:\/\/economiafamiliar.net\/#\/schema\/logo\/image\/","url":"https:\/\/economiafamiliar.net\/wp-content\/uploads\/cropped-Copia-de-Copia-de-Continuacio-de-2EF-1-removebg-preview.png","contentUrl":"https:\/\/economiafamiliar.net\/wp-content\/uploads\/cropped-Copia-de-Copia-de-Continuacio-de-2EF-1-removebg-preview.png","width":500,"height":500,"caption":"econom\u00edafamliar.net"},"image":{"@id":"https:\/\/economiafamiliar.net\/#\/schema\/logo\/image\/"}}]}},"_links":{"self":[{"href":"https:\/\/economiafamiliar.net\/ca\/wp-json\/wp\/v2\/product\/848"}],"collection":[{"href":"https:\/\/economiafamiliar.net\/ca\/wp-json\/wp\/v2\/product"}],"about":[{"href":"https:\/\/economiafamiliar.net\/ca\/wp-json\/wp\/v2\/types\/product"}],"replies":[{"embeddable":true,"href":"https:\/\/economiafamiliar.net\/ca\/wp-json\/wp\/v2\/comments?post=848"}],"wp:featuredmedia":[{"embeddable":true,"href":"https:\/\/economiafamiliar.net\/ca\/wp-json\/wp\/v2\/media\/932"}],"wp:attachment":[{"href":"https:\/\/economiafamiliar.net\/ca\/wp-json\/wp\/v2\/media?parent=848"}],"wp:term":[{"taxonomy":"product_cat","embeddable":true,"href":"https:\/\/economiafamiliar.net\/ca\/wp-json\/wp\/v2\/product_cat?post=848"},{"taxonomy":"product_tag","embeddable":true,"href":"https:\/\/economiafamiliar.net\/ca\/wp-json\/wp\/v2\/product_tag?post=848"}],"curies":[{"name":"wp","href":"https:\/\/api.w.org\/{rel}","templated":true}]}}