{"id":846,"date":"2024-06-26T17:58:50","date_gmt":"2024-06-26T15:58:50","guid":{"rendered":"https:\/\/economiafamiliar.net\/?post_type=product&#038;p=846"},"modified":"2024-06-27T17:18:38","modified_gmt":"2024-06-27T15:18:38","slug":"economia-familiar-180o-curso-online","status":"publish","type":"product","link":"https:\/\/economiafamiliar.net\/ca\/producte\/economia-familiar-180o-curso-online\/","title":{"rendered":"\u00abEconom\u00eda Familiar 180\u00ba: Curso Online\u00bb"},"content":{"rendered":"<p>Transformar les seves finances amb m\u00e8todes efica\u00e7os i accessibles des de casa. Vaig arribar a l&#039;estabilitat financera que la seva fam\u00edlia es mereix!<\/p>","protected":false},"excerpt":{"rendered":"<p>Transformar les seves finances amb m\u00e8todes efica\u00e7os i accessibles des de casa. Vaig arribar a l&#039;estabilitat financera que la seva fam\u00edlia es mereix!<\/p>","protected":false},"featured_media":0,"comment_status":"open","ping_status":"closed","template":"","meta":[],"product_cat":[25,32,27],"product_tag":[],"yoast_head":"<!-- This site is optimized with the Yoast SEO plugin v22.9 - https:\/\/yoast.com\/wordpress\/plugins\/seo\/ -->\n<title>&quot;Econom\u00eda Familiar 180\u00ba: Curso Online&quot; - econom\u00edafamliar.net<\/title>\n<meta name=\"robots\" content=\"index, follow, max-snippet:-1, max-image-preview:large, max-video-preview:-1\" \/>\n<link rel=\"canonical\" href=\"https:\/\/economiafamiliar.net\/ca\/producte\/economia-familiar-180o-curso-online\/\" \/>\n<meta property=\"og:locale\" content=\"ca_ES\" \/>\n<meta property=\"og:type\" content=\"article\" \/>\n<meta property=\"og:title\" content=\"&quot;Econom\u00eda Familiar 180\u00ba: Curso Online&quot; - econom\u00edafamliar.net\" \/>\n<meta property=\"og:description\" content=\"Transforma tus finanzas con m\u00e9todos efectivos y accesibles desde casa. \u00a1Alcanza la tranquilidad econ\u00f3mica que tu familia merece!\" \/>\n<meta property=\"og:url\" content=\"https:\/\/economiafamiliar.net\/ca\/producte\/economia-familiar-180o-curso-online\/\" \/>\n<meta property=\"og:site_name\" content=\"econom\u00edafamliar.net\" \/>\n<meta property=\"article:modified_time\" content=\"2024-06-27T15:18:38+00:00\" \/>\n<meta name=\"twitter:card\" content=\"summary_large_image\" \/>\n<meta name=\"twitter:label1\" content=\"Temps estimat de lectura\" \/>\n\t<meta name=\"twitter:data1\" content=\"1 minut\" \/>\n<script type=\"application\/ld+json\" class=\"yoast-schema-graph\">{\"@context\":\"https:\/\/schema.org\",\"@graph\":[{\"@type\":\"WebPage\",\"@id\":\"https:\/\/economiafamiliar.net\/producto\/economia-familiar-180o-curso-online\/\",\"url\":\"https:\/\/economiafamiliar.net\/producto\/economia-familiar-180o-curso-online\/\",\"name\":\"\\\"Econom\u00eda Familiar 180\u00ba: Curso Online\\\" - econom\u00edafamliar.net\",\"isPartOf\":{\"@id\":\"https:\/\/economiafamiliar.net\/#website\"},\"datePublished\":\"2024-06-26T15:58:50+00:00\",\"dateModified\":\"2024-06-27T15:18:38+00:00\",\"breadcrumb\":{\"@id\":\"https:\/\/economiafamiliar.net\/producto\/economia-familiar-180o-curso-online\/#breadcrumb\"},\"inLanguage\":\"ca\",\"potentialAction\":[{\"@type\":\"ReadAction\",\"target\":[\"https:\/\/economiafamiliar.net\/producto\/economia-familiar-180o-curso-online\/\"]}]},{\"@type\":\"BreadcrumbList\",\"@id\":\"https:\/\/economiafamiliar.net\/producto\/economia-familiar-180o-curso-online\/#breadcrumb\",\"itemListElement\":[{\"@type\":\"ListItem\",\"position\":1,\"name\":\"Portada\",\"item\":\"https:\/\/economiafamiliar.net\/\"},{\"@type\":\"ListItem\",\"position\":2,\"name\":\"Tienda\",\"item\":\"https:\/\/economiafamiliar.net\/tienda\/\"},{\"@type\":\"ListItem\",\"position\":3,\"name\":\"\u00abEconom\u00eda Familiar 180\u00ba: Curso Online\u00bb\"}]},{\"@type\":\"WebSite\",\"@id\":\"https:\/\/economiafamiliar.net\/#website\",\"url\":\"https:\/\/economiafamiliar.net\/\",\"name\":\"econom\u00edafamliar.net\",\"description\":\"\",\"publisher\":{\"@id\":\"https:\/\/economiafamiliar.net\/#organization\"},\"potentialAction\":[{\"@type\":\"SearchAction\",\"target\":{\"@type\":\"EntryPoint\",\"urlTemplate\":\"https:\/\/economiafamiliar.net\/?s={search_term_string}\"},\"query-input\":\"required name=search_term_string\"}],\"inLanguage\":\"ca\"},{\"@type\":\"Organization\",\"@id\":\"https:\/\/economiafamiliar.net\/#organization\",\"name\":\"econom\u00edafamliar.net\",\"url\":\"https:\/\/economiafamiliar.net\/\",\"logo\":{\"@type\":\"ImageObject\",\"inLanguage\":\"ca\",\"@id\":\"https:\/\/economiafamiliar.net\/#\/schema\/logo\/image\/\",\"url\":\"https:\/\/economiafamiliar.net\/wp-content\/uploads\/cropped-Copia-de-Copia-de-Continuacio-de-2EF-1-removebg-preview.png\",\"contentUrl\":\"https:\/\/economiafamiliar.net\/wp-content\/uploads\/cropped-Copia-de-Copia-de-Continuacio-de-2EF-1-removebg-preview.png\",\"width\":500,\"height\":500,\"caption\":\"econom\u00edafamliar.net\"},\"image\":{\"@id\":\"https:\/\/economiafamiliar.net\/#\/schema\/logo\/image\/\"}}]}<\/script>\n<!-- \/ Yoast SEO plugin. -->","yoast_head_json":{"title":"\"Econom\u00eda Familiar 180\u00ba: Curso Online\" - econom\u00edafamliar.net","robots":{"index":"index","follow":"follow","max-snippet":"max-snippet:-1","max-image-preview":"max-image-preview:large","max-video-preview":"max-video-preview:-1"},"canonical":"https:\/\/economiafamiliar.net\/ca\/producte\/economia-familiar-180o-curso-online\/","og_locale":"ca_ES","og_type":"article","og_title":"\"Econom\u00eda Familiar 180\u00ba: Curso Online\" - econom\u00edafamliar.net","og_description":"Transforma tus finanzas con m\u00e9todos efectivos y accesibles desde casa. \u00a1Alcanza la tranquilidad econ\u00f3mica que tu familia merece!","og_url":"https:\/\/economiafamiliar.net\/ca\/producte\/economia-familiar-180o-curso-online\/","og_site_name":"econom\u00edafamliar.net","article_modified_time":"2024-06-27T15:18:38+00:00","twitter_card":"summary_large_image","twitter_misc":{"Temps estimat de lectura":"1 minut"},"schema":{"@context":"https:\/\/schema.org","@graph":[{"@type":"WebPage","@id":"https:\/\/economiafamiliar.net\/producto\/economia-familiar-180o-curso-online\/","url":"https:\/\/economiafamiliar.net\/producto\/economia-familiar-180o-curso-online\/","name":"\"Econom\u00eda Familiar 180\u00ba: Curso Online\" - econom\u00edafamliar.net","isPartOf":{"@id":"https:\/\/economiafamiliar.net\/#website"},"datePublished":"2024-06-26T15:58:50+00:00","dateModified":"2024-06-27T15:18:38+00:00","breadcrumb":{"@id":"https:\/\/economiafamiliar.net\/producto\/economia-familiar-180o-curso-online\/#breadcrumb"},"inLanguage":"ca","potentialAction":[{"@type":"ReadAction","target":["https:\/\/economiafamiliar.net\/producto\/economia-familiar-180o-curso-online\/"]}]},{"@type":"BreadcrumbList","@id":"https:\/\/economiafamiliar.net\/producto\/economia-familiar-180o-curso-online\/#breadcrumb","itemListElement":[{"@type":"ListItem","position":1,"name":"Portada","item":"https:\/\/economiafamiliar.net\/"},{"@type":"ListItem","position":2,"name":"Tienda","item":"https:\/\/economiafamiliar.net\/tienda\/"},{"@type":"ListItem","position":3,"name":"\u00abEconom\u00eda Familiar 180\u00ba: Curso Online\u00bb"}]},{"@type":"WebSite","@id":"https:\/\/economiafamiliar.net\/#website","url":"https:\/\/economiafamiliar.net\/","name":"econom\u00edafamliar.net","description":"","publisher":{"@id":"https:\/\/economiafamiliar.net\/#organization"},"potentialAction":[{"@type":"SearchAction","target":{"@type":"EntryPoint","urlTemplate":"https:\/\/economiafamiliar.net\/?s={search_term_string}"},"query-input":"required name=search_term_string"}],"inLanguage":"ca"},{"@type":"Organization","@id":"https:\/\/economiafamiliar.net\/#organization","name":"econom\u00edafamliar.net","url":"https:\/\/economiafamiliar.net\/","logo":{"@type":"ImageObject","inLanguage":"ca","@id":"https:\/\/economiafamiliar.net\/#\/schema\/logo\/image\/","url":"https:\/\/economiafamiliar.net\/wp-content\/uploads\/cropped-Copia-de-Copia-de-Continuacio-de-2EF-1-removebg-preview.png","contentUrl":"https:\/\/economiafamiliar.net\/wp-content\/uploads\/cropped-Copia-de-Copia-de-Continuacio-de-2EF-1-removebg-preview.png","width":500,"height":500,"caption":"econom\u00edafamliar.net"},"image":{"@id":"https:\/\/economiafamiliar.net\/#\/schema\/logo\/image\/"}}]}},"_links":{"self":[{"href":"https:\/\/economiafamiliar.net\/ca\/wp-json\/wp\/v2\/product\/846"}],"collection":[{"href":"https:\/\/economiafamiliar.net\/ca\/wp-json\/wp\/v2\/product"}],"about":[{"href":"https:\/\/economiafamiliar.net\/ca\/wp-json\/wp\/v2\/types\/product"}],"replies":[{"embeddable":true,"href":"https:\/\/economiafamiliar.net\/ca\/wp-json\/wp\/v2\/comments?post=846"}],"wp:attachment":[{"href":"https:\/\/economiafamiliar.net\/ca\/wp-json\/wp\/v2\/media?parent=846"}],"wp:term":[{"taxonomy":"product_cat","embeddable":true,"href":"https:\/\/economiafamiliar.net\/ca\/wp-json\/wp\/v2\/product_cat?post=846"},{"taxonomy":"product_tag","embeddable":true,"href":"https:\/\/economiafamiliar.net\/ca\/wp-json\/wp\/v2\/product_tag?post=846"}],"curies":[{"name":"wp","href":"https:\/\/api.w.org\/{rel}","templated":true}]}}