{"id":816,"date":"2024-06-26T00:16:49","date_gmt":"2024-06-25T22:16:49","guid":{"rendered":"https:\/\/economiafamiliar.net\/?post_type=product&#038;p=816"},"modified":"2024-06-27T17:23:21","modified_gmt":"2024-06-27T15:23:21","slug":"claves-para-una-economia-familiar-saludable-taller-gratuito","status":"publish","type":"product","link":"https:\/\/economiafamiliar.net\/ca\/producte\/claves-para-una-economia-familiar-saludable-taller-gratuito\/","title":{"rendered":"Claves para una Econom\u00eda Familiar Saludable: Taller Gratuito"},"content":{"rendered":"<div class=\"elementor-element elementor-element-75451cf elementor-widget elementor-widget-text-editor\" data-id=\"75451cf\" data-element_type=\"widget\" data-widget_type=\"text-editor.default\">\n<div class=\"elementor-widget-container\">\n<div><span lang=\"ca\">Enriquece tu comunidad con este taller gratuito sobre gesti\u00f3n financiera familiar, ofreciendo conocimientos clave y herramientas pr\u00e1cticas para una estabilidad econ\u00f3mica duradera. Un paso inicial hacia una prosperidad compartida, empoderando a las familias con estrategias de ahorro e inversi\u00f3n.<\/span><\/div>\n<\/div>\n<\/div>\n<div class=\"elementor-element elementor-element-b910efe elementor-align-center elementor-widget elementor-widget-button\" data-id=\"b910efe\" data-element_type=\"widget\" data-widget_type=\"button.default\">\n<div class=\"elementor-widget-container\">\n<div class=\"elementor-button-wrapper\"><\/div>\n<\/div>\n<\/div>","protected":false},"excerpt":{"rendered":"<p>Enriquece tu comunidad con este taller gratuito sobre gesti\u00f3n financiera familiar, ofreciendo conocimientos clave y herramientas pr\u00e1cticas para una estabilidad econ\u00f3mica duradera. Un paso inicial hacia una prosperidad compartida, empoderando a las familias con estrategias de ahorro e inversi\u00f3n.<\/p>","protected":false},"featured_media":0,"comment_status":"open","ping_status":"closed","template":"","meta":[],"product_cat":[25,33],"product_tag":[],"yoast_head":"<!-- This site is optimized with the Yoast SEO plugin v22.9 - https:\/\/yoast.com\/wordpress\/plugins\/seo\/ -->\n<title>Claves para una Econom\u00eda Familiar Saludable: Taller Gratuito - econom\u00edafamliar.net<\/title>\n<meta name=\"robots\" content=\"index, follow, max-snippet:-1, max-image-preview:large, max-video-preview:-1\" \/>\n<link rel=\"canonical\" href=\"https:\/\/economiafamiliar.net\/ca\/producte\/claves-para-una-economia-familiar-saludable-taller-gratuito\/\" \/>\n<meta property=\"og:locale\" content=\"ca_ES\" \/>\n<meta property=\"og:type\" content=\"article\" \/>\n<meta property=\"og:title\" content=\"Claves para una Econom\u00eda Familiar Saludable: Taller Gratuito - econom\u00edafamliar.net\" \/>\n<meta property=\"og:description\" content=\"Enriquece tu comunidad con este taller gratuito sobre gesti\u00f3n financiera familiar, ofreciendo conocimientos clave y herramientas pr\u00e1cticas para una estabilidad econ\u00f3mica duradera. Un paso inicial hacia una prosperidad compartida, empoderando a las familias con estrategias de ahorro e inversi\u00f3n.\" \/>\n<meta property=\"og:url\" content=\"https:\/\/economiafamiliar.net\/ca\/producte\/claves-para-una-economia-familiar-saludable-taller-gratuito\/\" \/>\n<meta property=\"og:site_name\" content=\"econom\u00edafamliar.net\" \/>\n<meta property=\"article:modified_time\" content=\"2024-06-27T15:23:21+00:00\" \/>\n<meta name=\"twitter:card\" content=\"summary_large_image\" \/>\n<meta name=\"twitter:label1\" content=\"Temps estimat de lectura\" \/>\n\t<meta name=\"twitter:data1\" content=\"1 minut\" \/>\n<script type=\"application\/ld+json\" class=\"yoast-schema-graph\">{\"@context\":\"https:\/\/schema.org\",\"@graph\":[{\"@type\":\"WebPage\",\"@id\":\"https:\/\/economiafamiliar.net\/producto\/claves-para-una-economia-familiar-saludable-taller-gratuito\/\",\"url\":\"https:\/\/economiafamiliar.net\/producto\/claves-para-una-economia-familiar-saludable-taller-gratuito\/\",\"name\":\"Claves para una Econom\u00eda Familiar Saludable: Taller Gratuito - econom\u00edafamliar.net\",\"isPartOf\":{\"@id\":\"https:\/\/economiafamiliar.net\/#website\"},\"datePublished\":\"2024-06-25T22:16:49+00:00\",\"dateModified\":\"2024-06-27T15:23:21+00:00\",\"breadcrumb\":{\"@id\":\"https:\/\/economiafamiliar.net\/producto\/claves-para-una-economia-familiar-saludable-taller-gratuito\/#breadcrumb\"},\"inLanguage\":\"ca\",\"potentialAction\":[{\"@type\":\"ReadAction\",\"target\":[\"https:\/\/economiafamiliar.net\/producto\/claves-para-una-economia-familiar-saludable-taller-gratuito\/\"]}]},{\"@type\":\"BreadcrumbList\",\"@id\":\"https:\/\/economiafamiliar.net\/producto\/claves-para-una-economia-familiar-saludable-taller-gratuito\/#breadcrumb\",\"itemListElement\":[{\"@type\":\"ListItem\",\"position\":1,\"name\":\"Portada\",\"item\":\"https:\/\/economiafamiliar.net\/\"},{\"@type\":\"ListItem\",\"position\":2,\"name\":\"Tienda\",\"item\":\"https:\/\/economiafamiliar.net\/tienda\/\"},{\"@type\":\"ListItem\",\"position\":3,\"name\":\"Claves para una Econom\u00eda Familiar Saludable: Taller Gratuito\"}]},{\"@type\":\"WebSite\",\"@id\":\"https:\/\/economiafamiliar.net\/#website\",\"url\":\"https:\/\/economiafamiliar.net\/\",\"name\":\"econom\u00edafamliar.net\",\"description\":\"\",\"publisher\":{\"@id\":\"https:\/\/economiafamiliar.net\/#organization\"},\"potentialAction\":[{\"@type\":\"SearchAction\",\"target\":{\"@type\":\"EntryPoint\",\"urlTemplate\":\"https:\/\/economiafamiliar.net\/?s={search_term_string}\"},\"query-input\":\"required name=search_term_string\"}],\"inLanguage\":\"ca\"},{\"@type\":\"Organization\",\"@id\":\"https:\/\/economiafamiliar.net\/#organization\",\"name\":\"econom\u00edafamliar.net\",\"url\":\"https:\/\/economiafamiliar.net\/\",\"logo\":{\"@type\":\"ImageObject\",\"inLanguage\":\"ca\",\"@id\":\"https:\/\/economiafamiliar.net\/#\/schema\/logo\/image\/\",\"url\":\"https:\/\/economiafamiliar.net\/wp-content\/uploads\/cropped-Copia-de-Copia-de-Continuacio-de-2EF-1-removebg-preview.png\",\"contentUrl\":\"https:\/\/economiafamiliar.net\/wp-content\/uploads\/cropped-Copia-de-Copia-de-Continuacio-de-2EF-1-removebg-preview.png\",\"width\":500,\"height\":500,\"caption\":\"econom\u00edafamliar.net\"},\"image\":{\"@id\":\"https:\/\/economiafamiliar.net\/#\/schema\/logo\/image\/\"}}]}<\/script>\n<!-- \/ Yoast SEO plugin. -->","yoast_head_json":{"title":"Claves para una Econom\u00eda Familiar Saludable: Taller Gratuito - econom\u00edafamliar.net","robots":{"index":"index","follow":"follow","max-snippet":"max-snippet:-1","max-image-preview":"max-image-preview:large","max-video-preview":"max-video-preview:-1"},"canonical":"https:\/\/economiafamiliar.net\/ca\/producte\/claves-para-una-economia-familiar-saludable-taller-gratuito\/","og_locale":"ca_ES","og_type":"article","og_title":"Claves para una Econom\u00eda Familiar Saludable: Taller Gratuito - econom\u00edafamliar.net","og_description":"Enriquece tu comunidad con este taller gratuito sobre gesti\u00f3n financiera familiar, ofreciendo conocimientos clave y herramientas pr\u00e1cticas para una estabilidad econ\u00f3mica duradera. Un paso inicial hacia una prosperidad compartida, empoderando a las familias con estrategias de ahorro e inversi\u00f3n.","og_url":"https:\/\/economiafamiliar.net\/ca\/producte\/claves-para-una-economia-familiar-saludable-taller-gratuito\/","og_site_name":"econom\u00edafamliar.net","article_modified_time":"2024-06-27T15:23:21+00:00","twitter_card":"summary_large_image","twitter_misc":{"Temps estimat de lectura":"1 minut"},"schema":{"@context":"https:\/\/schema.org","@graph":[{"@type":"WebPage","@id":"https:\/\/economiafamiliar.net\/producto\/claves-para-una-economia-familiar-saludable-taller-gratuito\/","url":"https:\/\/economiafamiliar.net\/producto\/claves-para-una-economia-familiar-saludable-taller-gratuito\/","name":"Claves para una Econom\u00eda Familiar Saludable: Taller Gratuito - econom\u00edafamliar.net","isPartOf":{"@id":"https:\/\/economiafamiliar.net\/#website"},"datePublished":"2024-06-25T22:16:49+00:00","dateModified":"2024-06-27T15:23:21+00:00","breadcrumb":{"@id":"https:\/\/economiafamiliar.net\/producto\/claves-para-una-economia-familiar-saludable-taller-gratuito\/#breadcrumb"},"inLanguage":"ca","potentialAction":[{"@type":"ReadAction","target":["https:\/\/economiafamiliar.net\/producto\/claves-para-una-economia-familiar-saludable-taller-gratuito\/"]}]},{"@type":"BreadcrumbList","@id":"https:\/\/economiafamiliar.net\/producto\/claves-para-una-economia-familiar-saludable-taller-gratuito\/#breadcrumb","itemListElement":[{"@type":"ListItem","position":1,"name":"Portada","item":"https:\/\/economiafamiliar.net\/"},{"@type":"ListItem","position":2,"name":"Tienda","item":"https:\/\/economiafamiliar.net\/tienda\/"},{"@type":"ListItem","position":3,"name":"Claves para una Econom\u00eda Familiar Saludable: Taller Gratuito"}]},{"@type":"WebSite","@id":"https:\/\/economiafamiliar.net\/#website","url":"https:\/\/economiafamiliar.net\/","name":"econom\u00edafamliar.net","description":"","publisher":{"@id":"https:\/\/economiafamiliar.net\/#organization"},"potentialAction":[{"@type":"SearchAction","target":{"@type":"EntryPoint","urlTemplate":"https:\/\/economiafamiliar.net\/?s={search_term_string}"},"query-input":"required name=search_term_string"}],"inLanguage":"ca"},{"@type":"Organization","@id":"https:\/\/economiafamiliar.net\/#organization","name":"econom\u00edafamliar.net","url":"https:\/\/economiafamiliar.net\/","logo":{"@type":"ImageObject","inLanguage":"ca","@id":"https:\/\/economiafamiliar.net\/#\/schema\/logo\/image\/","url":"https:\/\/economiafamiliar.net\/wp-content\/uploads\/cropped-Copia-de-Copia-de-Continuacio-de-2EF-1-removebg-preview.png","contentUrl":"https:\/\/economiafamiliar.net\/wp-content\/uploads\/cropped-Copia-de-Copia-de-Continuacio-de-2EF-1-removebg-preview.png","width":500,"height":500,"caption":"econom\u00edafamliar.net"},"image":{"@id":"https:\/\/economiafamiliar.net\/#\/schema\/logo\/image\/"}}]}},"_links":{"self":[{"href":"https:\/\/economiafamiliar.net\/ca\/wp-json\/wp\/v2\/product\/816"}],"collection":[{"href":"https:\/\/economiafamiliar.net\/ca\/wp-json\/wp\/v2\/product"}],"about":[{"href":"https:\/\/economiafamiliar.net\/ca\/wp-json\/wp\/v2\/types\/product"}],"replies":[{"embeddable":true,"href":"https:\/\/economiafamiliar.net\/ca\/wp-json\/wp\/v2\/comments?post=816"}],"wp:attachment":[{"href":"https:\/\/economiafamiliar.net\/ca\/wp-json\/wp\/v2\/media?parent=816"}],"wp:term":[{"taxonomy":"product_cat","embeddable":true,"href":"https:\/\/economiafamiliar.net\/ca\/wp-json\/wp\/v2\/product_cat?post=816"},{"taxonomy":"product_tag","embeddable":true,"href":"https:\/\/economiafamiliar.net\/ca\/wp-json\/wp\/v2\/product_tag?post=816"}],"curies":[{"name":"wp","href":"https:\/\/api.w.org\/{rel}","templated":true}]}}