{"id":815,"date":"2024-06-26T00:16:32","date_gmt":"2024-06-25T22:16:32","guid":{"rendered":"https:\/\/economiafamiliar.net\/?post_type=product&#038;p=815"},"modified":"2024-06-27T17:23:46","modified_gmt":"2024-06-27T15:23:46","slug":"inversion-consciente-claves-para-fortalecer-tu-futuro-economico","status":"publish","type":"product","link":"https:\/\/economiafamiliar.net\/ca\/producte\/inversion-consciente-claves-para-fortalecer-tu-futuro-economico\/","title":{"rendered":"Inversi\u00f3n Consciente: Claves para Fortalecer tu Futuro Econ\u00f3mico"},"content":{"rendered":"<p>Ad\u00e9ntrate en el mundo de las inversiones con claridad y seguridad mediante nuestro entrenamiento \u00abInversi\u00f3n Consciente\u00bb. Dise\u00f1ado para familias e individuos, este curso te guiar\u00e1 por las variadas opciones de inversi\u00f3n, proporcion\u00e1ndote el conocimiento y las herramientas para tomar decisiones informadas.<\/p>\n<p>Descubre c\u00f3mo tomar el control de tu futuro financiero.<\/p>","protected":false},"excerpt":{"rendered":"<p>Ad\u00e9ntrate en el mundo de las inversiones con claridad y seguridad mediante nuestro entrenamiento \u00abInversi\u00f3n Consciente\u00bb. Dise\u00f1ado para familias e individuos, este curso te guiar\u00e1 por las variadas opciones de inversi\u00f3n, proporcion\u00e1ndote el conocimiento y las herramientas para tomar decisiones informadas. Descubre c\u00f3mo tomar el control de tu futuro financiero.<\/p>","protected":false},"featured_media":0,"comment_status":"open","ping_status":"closed","template":"","meta":[],"product_cat":[25,33],"product_tag":[],"yoast_head":"<!-- This site is optimized with the Yoast SEO plugin v22.9 - https:\/\/yoast.com\/wordpress\/plugins\/seo\/ -->\n<title>Inversi\u00f3n Consciente: Claves para Fortalecer tu Futuro Econ\u00f3mico - econom\u00edafamliar.net<\/title>\n<meta name=\"robots\" content=\"index, follow, max-snippet:-1, max-image-preview:large, max-video-preview:-1\" \/>\n<link rel=\"canonical\" href=\"https:\/\/economiafamiliar.net\/ca\/producte\/inversion-consciente-claves-para-fortalecer-tu-futuro-economico\/\" \/>\n<meta property=\"og:locale\" content=\"ca_ES\" \/>\n<meta property=\"og:type\" content=\"article\" \/>\n<meta property=\"og:title\" content=\"Inversi\u00f3n Consciente: Claves para Fortalecer tu Futuro Econ\u00f3mico - econom\u00edafamliar.net\" \/>\n<meta property=\"og:description\" content=\"Ad\u00e9ntrate en el mundo de las inversiones con claridad y seguridad mediante nuestro entrenamiento \u00abInversi\u00f3n Consciente\u00bb. Dise\u00f1ado para familias e individuos, este curso te guiar\u00e1 por las variadas opciones de inversi\u00f3n, proporcion\u00e1ndote el conocimiento y las herramientas para tomar decisiones informadas. Descubre c\u00f3mo tomar el control de tu futuro financiero.\" \/>\n<meta property=\"og:url\" content=\"https:\/\/economiafamiliar.net\/ca\/producte\/inversion-consciente-claves-para-fortalecer-tu-futuro-economico\/\" \/>\n<meta property=\"og:site_name\" content=\"econom\u00edafamliar.net\" \/>\n<meta property=\"article:modified_time\" content=\"2024-06-27T15:23:46+00:00\" \/>\n<meta name=\"twitter:card\" content=\"summary_large_image\" \/>\n<meta name=\"twitter:label1\" content=\"Temps estimat de lectura\" \/>\n\t<meta name=\"twitter:data1\" content=\"1 minut\" \/>\n<script type=\"application\/ld+json\" class=\"yoast-schema-graph\">{\"@context\":\"https:\/\/schema.org\",\"@graph\":[{\"@type\":\"WebPage\",\"@id\":\"https:\/\/economiafamiliar.net\/producto\/inversion-consciente-claves-para-fortalecer-tu-futuro-economico\/\",\"url\":\"https:\/\/economiafamiliar.net\/producto\/inversion-consciente-claves-para-fortalecer-tu-futuro-economico\/\",\"name\":\"Inversi\u00f3n Consciente: Claves para Fortalecer tu Futuro Econ\u00f3mico - econom\u00edafamliar.net\",\"isPartOf\":{\"@id\":\"https:\/\/economiafamiliar.net\/#website\"},\"datePublished\":\"2024-06-25T22:16:32+00:00\",\"dateModified\":\"2024-06-27T15:23:46+00:00\",\"breadcrumb\":{\"@id\":\"https:\/\/economiafamiliar.net\/producto\/inversion-consciente-claves-para-fortalecer-tu-futuro-economico\/#breadcrumb\"},\"inLanguage\":\"ca\",\"potentialAction\":[{\"@type\":\"ReadAction\",\"target\":[\"https:\/\/economiafamiliar.net\/producto\/inversion-consciente-claves-para-fortalecer-tu-futuro-economico\/\"]}]},{\"@type\":\"BreadcrumbList\",\"@id\":\"https:\/\/economiafamiliar.net\/producto\/inversion-consciente-claves-para-fortalecer-tu-futuro-economico\/#breadcrumb\",\"itemListElement\":[{\"@type\":\"ListItem\",\"position\":1,\"name\":\"Portada\",\"item\":\"https:\/\/economiafamiliar.net\/\"},{\"@type\":\"ListItem\",\"position\":2,\"name\":\"Tienda\",\"item\":\"https:\/\/economiafamiliar.net\/tienda\/\"},{\"@type\":\"ListItem\",\"position\":3,\"name\":\"Inversi\u00f3n Consciente: Claves para Fortalecer tu Futuro Econ\u00f3mico\"}]},{\"@type\":\"WebSite\",\"@id\":\"https:\/\/economiafamiliar.net\/#website\",\"url\":\"https:\/\/economiafamiliar.net\/\",\"name\":\"econom\u00edafamliar.net\",\"description\":\"\",\"publisher\":{\"@id\":\"https:\/\/economiafamiliar.net\/#organization\"},\"potentialAction\":[{\"@type\":\"SearchAction\",\"target\":{\"@type\":\"EntryPoint\",\"urlTemplate\":\"https:\/\/economiafamiliar.net\/?s={search_term_string}\"},\"query-input\":\"required name=search_term_string\"}],\"inLanguage\":\"ca\"},{\"@type\":\"Organization\",\"@id\":\"https:\/\/economiafamiliar.net\/#organization\",\"name\":\"econom\u00edafamliar.net\",\"url\":\"https:\/\/economiafamiliar.net\/\",\"logo\":{\"@type\":\"ImageObject\",\"inLanguage\":\"ca\",\"@id\":\"https:\/\/economiafamiliar.net\/#\/schema\/logo\/image\/\",\"url\":\"https:\/\/economiafamiliar.net\/wp-content\/uploads\/cropped-Copia-de-Copia-de-Continuacio-de-2EF-1-removebg-preview.png\",\"contentUrl\":\"https:\/\/economiafamiliar.net\/wp-content\/uploads\/cropped-Copia-de-Copia-de-Continuacio-de-2EF-1-removebg-preview.png\",\"width\":500,\"height\":500,\"caption\":\"econom\u00edafamliar.net\"},\"image\":{\"@id\":\"https:\/\/economiafamiliar.net\/#\/schema\/logo\/image\/\"}}]}<\/script>\n<!-- \/ Yoast SEO plugin. -->","yoast_head_json":{"title":"Inversi\u00f3n Consciente: Claves para Fortalecer tu Futuro Econ\u00f3mico - econom\u00edafamliar.net","robots":{"index":"index","follow":"follow","max-snippet":"max-snippet:-1","max-image-preview":"max-image-preview:large","max-video-preview":"max-video-preview:-1"},"canonical":"https:\/\/economiafamiliar.net\/ca\/producte\/inversion-consciente-claves-para-fortalecer-tu-futuro-economico\/","og_locale":"ca_ES","og_type":"article","og_title":"Inversi\u00f3n Consciente: Claves para Fortalecer tu Futuro Econ\u00f3mico - econom\u00edafamliar.net","og_description":"Ad\u00e9ntrate en el mundo de las inversiones con claridad y seguridad mediante nuestro entrenamiento \u00abInversi\u00f3n Consciente\u00bb. Dise\u00f1ado para familias e individuos, este curso te guiar\u00e1 por las variadas opciones de inversi\u00f3n, proporcion\u00e1ndote el conocimiento y las herramientas para tomar decisiones informadas. Descubre c\u00f3mo tomar el control de tu futuro financiero.","og_url":"https:\/\/economiafamiliar.net\/ca\/producte\/inversion-consciente-claves-para-fortalecer-tu-futuro-economico\/","og_site_name":"econom\u00edafamliar.net","article_modified_time":"2024-06-27T15:23:46+00:00","twitter_card":"summary_large_image","twitter_misc":{"Temps estimat de lectura":"1 minut"},"schema":{"@context":"https:\/\/schema.org","@graph":[{"@type":"WebPage","@id":"https:\/\/economiafamiliar.net\/producto\/inversion-consciente-claves-para-fortalecer-tu-futuro-economico\/","url":"https:\/\/economiafamiliar.net\/producto\/inversion-consciente-claves-para-fortalecer-tu-futuro-economico\/","name":"Inversi\u00f3n Consciente: Claves para Fortalecer tu Futuro Econ\u00f3mico - econom\u00edafamliar.net","isPartOf":{"@id":"https:\/\/economiafamiliar.net\/#website"},"datePublished":"2024-06-25T22:16:32+00:00","dateModified":"2024-06-27T15:23:46+00:00","breadcrumb":{"@id":"https:\/\/economiafamiliar.net\/producto\/inversion-consciente-claves-para-fortalecer-tu-futuro-economico\/#breadcrumb"},"inLanguage":"ca","potentialAction":[{"@type":"ReadAction","target":["https:\/\/economiafamiliar.net\/producto\/inversion-consciente-claves-para-fortalecer-tu-futuro-economico\/"]}]},{"@type":"BreadcrumbList","@id":"https:\/\/economiafamiliar.net\/producto\/inversion-consciente-claves-para-fortalecer-tu-futuro-economico\/#breadcrumb","itemListElement":[{"@type":"ListItem","position":1,"name":"Portada","item":"https:\/\/economiafamiliar.net\/"},{"@type":"ListItem","position":2,"name":"Tienda","item":"https:\/\/economiafamiliar.net\/tienda\/"},{"@type":"ListItem","position":3,"name":"Inversi\u00f3n Consciente: Claves para Fortalecer tu Futuro Econ\u00f3mico"}]},{"@type":"WebSite","@id":"https:\/\/economiafamiliar.net\/#website","url":"https:\/\/economiafamiliar.net\/","name":"econom\u00edafamliar.net","description":"","publisher":{"@id":"https:\/\/economiafamiliar.net\/#organization"},"potentialAction":[{"@type":"SearchAction","target":{"@type":"EntryPoint","urlTemplate":"https:\/\/economiafamiliar.net\/?s={search_term_string}"},"query-input":"required name=search_term_string"}],"inLanguage":"ca"},{"@type":"Organization","@id":"https:\/\/economiafamiliar.net\/#organization","name":"econom\u00edafamliar.net","url":"https:\/\/economiafamiliar.net\/","logo":{"@type":"ImageObject","inLanguage":"ca","@id":"https:\/\/economiafamiliar.net\/#\/schema\/logo\/image\/","url":"https:\/\/economiafamiliar.net\/wp-content\/uploads\/cropped-Copia-de-Copia-de-Continuacio-de-2EF-1-removebg-preview.png","contentUrl":"https:\/\/economiafamiliar.net\/wp-content\/uploads\/cropped-Copia-de-Copia-de-Continuacio-de-2EF-1-removebg-preview.png","width":500,"height":500,"caption":"econom\u00edafamliar.net"},"image":{"@id":"https:\/\/economiafamiliar.net\/#\/schema\/logo\/image\/"}}]}},"_links":{"self":[{"href":"https:\/\/economiafamiliar.net\/ca\/wp-json\/wp\/v2\/product\/815"}],"collection":[{"href":"https:\/\/economiafamiliar.net\/ca\/wp-json\/wp\/v2\/product"}],"about":[{"href":"https:\/\/economiafamiliar.net\/ca\/wp-json\/wp\/v2\/types\/product"}],"replies":[{"embeddable":true,"href":"https:\/\/economiafamiliar.net\/ca\/wp-json\/wp\/v2\/comments?post=815"}],"wp:attachment":[{"href":"https:\/\/economiafamiliar.net\/ca\/wp-json\/wp\/v2\/media?parent=815"}],"wp:term":[{"taxonomy":"product_cat","embeddable":true,"href":"https:\/\/economiafamiliar.net\/ca\/wp-json\/wp\/v2\/product_cat?post=815"},{"taxonomy":"product_tag","embeddable":true,"href":"https:\/\/economiafamiliar.net\/ca\/wp-json\/wp\/v2\/product_tag?post=815"}],"curies":[{"name":"wp","href":"https:\/\/api.w.org\/{rel}","templated":true}]}}