{"id":790,"date":"2024-06-25T23:57:34","date_gmt":"2024-06-25T21:57:34","guid":{"rendered":"https:\/\/economiafamiliar.net\/?post_type=product&#038;p=790"},"modified":"2024-06-27T17:23:58","modified_gmt":"2024-06-27T15:23:58","slug":"fortalecimiento-financiero-familiar-para-equipos-de-servicios-sociales-camino-hacia-la-estabilidad","status":"publish","type":"product","link":"https:\/\/economiafamiliar.net\/ca\/producte\/fortalecimiento-financiero-familiar-para-equipos-de-servicios-sociales-camino-hacia-la-estabilidad\/","title":{"rendered":"Fortalecimiento Financiero Familiar para Equipos de Servicios Sociales: Camino hacia la Estabilidad"},"content":{"rendered":"<p>Impulsa la resiliencia econ\u00f3mica en familias en situaci\u00f3n de vulnerabilidad con nuestro programa de fortalecimiento financiero, dise\u00f1ado para ofrecer educaci\u00f3n y herramientas pr\u00e1cticas para una gesti\u00f3n del dinero efectiva. Transforma la vulnerabilidad en empoderamiento y autonom\u00eda financiera.<\/p>","protected":false},"excerpt":{"rendered":"<p>Impulsa la resiliencia econ\u00f3mica en familias en situaci\u00f3n de vulnerabilidad con nuestro programa de fortalecimiento financiero, dise\u00f1ado para ofrecer educaci\u00f3n y herramientas pr\u00e1cticas para una gesti\u00f3n del dinero efectiva. Transforma la vulnerabilidad en empoderamiento y autonom\u00eda financiera.<\/p>","protected":false},"featured_media":686,"comment_status":"open","ping_status":"closed","template":"","meta":[],"product_cat":[25,33],"product_tag":[],"yoast_head":"<!-- This site is optimized with the Yoast SEO plugin v22.9 - https:\/\/yoast.com\/wordpress\/plugins\/seo\/ -->\n<title>Fortalecimiento Financiero Familiar para Equipos de Servicios Sociales: Camino hacia la Estabilidad - econom\u00edafamliar.net<\/title>\n<meta name=\"robots\" content=\"index, follow, max-snippet:-1, max-image-preview:large, max-video-preview:-1\" \/>\n<link rel=\"canonical\" href=\"https:\/\/economiafamiliar.net\/ca\/producte\/fortalecimiento-financiero-familiar-para-equipos-de-servicios-sociales-camino-hacia-la-estabilidad\/\" \/>\n<meta property=\"og:locale\" content=\"ca_ES\" \/>\n<meta property=\"og:type\" content=\"article\" \/>\n<meta property=\"og:title\" content=\"Fortalecimiento Financiero Familiar para Equipos de Servicios Sociales: Camino hacia la Estabilidad - econom\u00edafamliar.net\" \/>\n<meta property=\"og:description\" content=\"Impulsa la resiliencia econ\u00f3mica en familias en situaci\u00f3n de vulnerabilidad con nuestro programa de fortalecimiento financiero, dise\u00f1ado para ofrecer educaci\u00f3n y herramientas pr\u00e1cticas para una gesti\u00f3n del dinero efectiva. Transforma la vulnerabilidad en empoderamiento y autonom\u00eda financiera.\" \/>\n<meta property=\"og:url\" content=\"https:\/\/economiafamiliar.net\/ca\/producte\/fortalecimiento-financiero-familiar-para-equipos-de-servicios-sociales-camino-hacia-la-estabilidad\/\" \/>\n<meta property=\"og:site_name\" content=\"econom\u00edafamliar.net\" \/>\n<meta property=\"article:modified_time\" content=\"2024-06-27T15:23:58+00:00\" \/>\n<meta property=\"og:image\" content=\"http:\/\/economiafamiliar.net\/wp-content\/uploads\/Imagen-1-1.jpg\" \/>\n\t<meta property=\"og:image:width\" content=\"390\" \/>\n\t<meta property=\"og:image:height\" content=\"516\" \/>\n\t<meta property=\"og:image:type\" content=\"image\/jpeg\" \/>\n<meta name=\"twitter:card\" content=\"summary_large_image\" \/>\n<meta name=\"twitter:label1\" content=\"Temps estimat de lectura\" \/>\n\t<meta name=\"twitter:data1\" content=\"1 minut\" \/>\n<script type=\"application\/ld+json\" class=\"yoast-schema-graph\">{\"@context\":\"https:\/\/schema.org\",\"@graph\":[{\"@type\":\"WebPage\",\"@id\":\"https:\/\/economiafamiliar.net\/producto\/fortalecimiento-financiero-familiar-para-equipos-de-servicios-sociales-camino-hacia-la-estabilidad\/\",\"url\":\"https:\/\/economiafamiliar.net\/producto\/fortalecimiento-financiero-familiar-para-equipos-de-servicios-sociales-camino-hacia-la-estabilidad\/\",\"name\":\"Fortalecimiento Financiero Familiar para Equipos de Servicios Sociales: Camino hacia la Estabilidad - econom\u00edafamliar.net\",\"isPartOf\":{\"@id\":\"https:\/\/economiafamiliar.net\/#website\"},\"primaryImageOfPage\":{\"@id\":\"https:\/\/economiafamiliar.net\/producto\/fortalecimiento-financiero-familiar-para-equipos-de-servicios-sociales-camino-hacia-la-estabilidad\/#primaryimage\"},\"image\":{\"@id\":\"https:\/\/economiafamiliar.net\/producto\/fortalecimiento-financiero-familiar-para-equipos-de-servicios-sociales-camino-hacia-la-estabilidad\/#primaryimage\"},\"thumbnailUrl\":\"https:\/\/economiafamiliar.net\/wp-content\/uploads\/Imagen-1-1.jpg\",\"datePublished\":\"2024-06-25T21:57:34+00:00\",\"dateModified\":\"2024-06-27T15:23:58+00:00\",\"breadcrumb\":{\"@id\":\"https:\/\/economiafamiliar.net\/producto\/fortalecimiento-financiero-familiar-para-equipos-de-servicios-sociales-camino-hacia-la-estabilidad\/#breadcrumb\"},\"inLanguage\":\"ca\",\"potentialAction\":[{\"@type\":\"ReadAction\",\"target\":[\"https:\/\/economiafamiliar.net\/producto\/fortalecimiento-financiero-familiar-para-equipos-de-servicios-sociales-camino-hacia-la-estabilidad\/\"]}]},{\"@type\":\"ImageObject\",\"inLanguage\":\"ca\",\"@id\":\"https:\/\/economiafamiliar.net\/producto\/fortalecimiento-financiero-familiar-para-equipos-de-servicios-sociales-camino-hacia-la-estabilidad\/#primaryimage\",\"url\":\"https:\/\/economiafamiliar.net\/wp-content\/uploads\/Imagen-1-1.jpg\",\"contentUrl\":\"https:\/\/economiafamiliar.net\/wp-content\/uploads\/Imagen-1-1.jpg\",\"width\":390,\"height\":516},{\"@type\":\"BreadcrumbList\",\"@id\":\"https:\/\/economiafamiliar.net\/producto\/fortalecimiento-financiero-familiar-para-equipos-de-servicios-sociales-camino-hacia-la-estabilidad\/#breadcrumb\",\"itemListElement\":[{\"@type\":\"ListItem\",\"position\":1,\"name\":\"Portada\",\"item\":\"https:\/\/economiafamiliar.net\/\"},{\"@type\":\"ListItem\",\"position\":2,\"name\":\"Tienda\",\"item\":\"https:\/\/economiafamiliar.net\/tienda\/\"},{\"@type\":\"ListItem\",\"position\":3,\"name\":\"Fortalecimiento Financiero Familiar para Equipos de Servicios Sociales: Camino hacia la Estabilidad\"}]},{\"@type\":\"WebSite\",\"@id\":\"https:\/\/economiafamiliar.net\/#website\",\"url\":\"https:\/\/economiafamiliar.net\/\",\"name\":\"econom\u00edafamliar.net\",\"description\":\"\",\"publisher\":{\"@id\":\"https:\/\/economiafamiliar.net\/#organization\"},\"potentialAction\":[{\"@type\":\"SearchAction\",\"target\":{\"@type\":\"EntryPoint\",\"urlTemplate\":\"https:\/\/economiafamiliar.net\/?s={search_term_string}\"},\"query-input\":\"required name=search_term_string\"}],\"inLanguage\":\"ca\"},{\"@type\":\"Organization\",\"@id\":\"https:\/\/economiafamiliar.net\/#organization\",\"name\":\"econom\u00edafamliar.net\",\"url\":\"https:\/\/economiafamiliar.net\/\",\"logo\":{\"@type\":\"ImageObject\",\"inLanguage\":\"ca\",\"@id\":\"https:\/\/economiafamiliar.net\/#\/schema\/logo\/image\/\",\"url\":\"https:\/\/economiafamiliar.net\/wp-content\/uploads\/cropped-Copia-de-Copia-de-Continuacio-de-2EF-1-removebg-preview.png\",\"contentUrl\":\"https:\/\/economiafamiliar.net\/wp-content\/uploads\/cropped-Copia-de-Copia-de-Continuacio-de-2EF-1-removebg-preview.png\",\"width\":500,\"height\":500,\"caption\":\"econom\u00edafamliar.net\"},\"image\":{\"@id\":\"https:\/\/economiafamiliar.net\/#\/schema\/logo\/image\/\"}}]}<\/script>\n<!-- \/ Yoast SEO plugin. -->","yoast_head_json":{"title":"Fortalecimiento Financiero Familiar para Equipos de Servicios Sociales: Camino hacia la Estabilidad - econom\u00edafamliar.net","robots":{"index":"index","follow":"follow","max-snippet":"max-snippet:-1","max-image-preview":"max-image-preview:large","max-video-preview":"max-video-preview:-1"},"canonical":"https:\/\/economiafamiliar.net\/ca\/producte\/fortalecimiento-financiero-familiar-para-equipos-de-servicios-sociales-camino-hacia-la-estabilidad\/","og_locale":"ca_ES","og_type":"article","og_title":"Fortalecimiento Financiero Familiar para Equipos de Servicios Sociales: Camino hacia la Estabilidad - econom\u00edafamliar.net","og_description":"Impulsa la resiliencia econ\u00f3mica en familias en situaci\u00f3n de vulnerabilidad con nuestro programa de fortalecimiento financiero, dise\u00f1ado para ofrecer educaci\u00f3n y herramientas pr\u00e1cticas para una gesti\u00f3n del dinero efectiva. Transforma la vulnerabilidad en empoderamiento y autonom\u00eda financiera.","og_url":"https:\/\/economiafamiliar.net\/ca\/producte\/fortalecimiento-financiero-familiar-para-equipos-de-servicios-sociales-camino-hacia-la-estabilidad\/","og_site_name":"econom\u00edafamliar.net","article_modified_time":"2024-06-27T15:23:58+00:00","og_image":[{"width":390,"height":516,"url":"http:\/\/economiafamiliar.net\/wp-content\/uploads\/Imagen-1-1.jpg","type":"image\/jpeg"}],"twitter_card":"summary_large_image","twitter_misc":{"Temps estimat de lectura":"1 minut"},"schema":{"@context":"https:\/\/schema.org","@graph":[{"@type":"WebPage","@id":"https:\/\/economiafamiliar.net\/producto\/fortalecimiento-financiero-familiar-para-equipos-de-servicios-sociales-camino-hacia-la-estabilidad\/","url":"https:\/\/economiafamiliar.net\/producto\/fortalecimiento-financiero-familiar-para-equipos-de-servicios-sociales-camino-hacia-la-estabilidad\/","name":"Fortalecimiento Financiero Familiar para Equipos de Servicios Sociales: Camino hacia la Estabilidad - econom\u00edafamliar.net","isPartOf":{"@id":"https:\/\/economiafamiliar.net\/#website"},"primaryImageOfPage":{"@id":"https:\/\/economiafamiliar.net\/producto\/fortalecimiento-financiero-familiar-para-equipos-de-servicios-sociales-camino-hacia-la-estabilidad\/#primaryimage"},"image":{"@id":"https:\/\/economiafamiliar.net\/producto\/fortalecimiento-financiero-familiar-para-equipos-de-servicios-sociales-camino-hacia-la-estabilidad\/#primaryimage"},"thumbnailUrl":"https:\/\/economiafamiliar.net\/wp-content\/uploads\/Imagen-1-1.jpg","datePublished":"2024-06-25T21:57:34+00:00","dateModified":"2024-06-27T15:23:58+00:00","breadcrumb":{"@id":"https:\/\/economiafamiliar.net\/producto\/fortalecimiento-financiero-familiar-para-equipos-de-servicios-sociales-camino-hacia-la-estabilidad\/#breadcrumb"},"inLanguage":"ca","potentialAction":[{"@type":"ReadAction","target":["https:\/\/economiafamiliar.net\/producto\/fortalecimiento-financiero-familiar-para-equipos-de-servicios-sociales-camino-hacia-la-estabilidad\/"]}]},{"@type":"ImageObject","inLanguage":"ca","@id":"https:\/\/economiafamiliar.net\/producto\/fortalecimiento-financiero-familiar-para-equipos-de-servicios-sociales-camino-hacia-la-estabilidad\/#primaryimage","url":"https:\/\/economiafamiliar.net\/wp-content\/uploads\/Imagen-1-1.jpg","contentUrl":"https:\/\/economiafamiliar.net\/wp-content\/uploads\/Imagen-1-1.jpg","width":390,"height":516},{"@type":"BreadcrumbList","@id":"https:\/\/economiafamiliar.net\/producto\/fortalecimiento-financiero-familiar-para-equipos-de-servicios-sociales-camino-hacia-la-estabilidad\/#breadcrumb","itemListElement":[{"@type":"ListItem","position":1,"name":"Portada","item":"https:\/\/economiafamiliar.net\/"},{"@type":"ListItem","position":2,"name":"Tienda","item":"https:\/\/economiafamiliar.net\/tienda\/"},{"@type":"ListItem","position":3,"name":"Fortalecimiento Financiero Familiar para Equipos de Servicios Sociales: Camino hacia la Estabilidad"}]},{"@type":"WebSite","@id":"https:\/\/economiafamiliar.net\/#website","url":"https:\/\/economiafamiliar.net\/","name":"econom\u00edafamliar.net","description":"","publisher":{"@id":"https:\/\/economiafamiliar.net\/#organization"},"potentialAction":[{"@type":"SearchAction","target":{"@type":"EntryPoint","urlTemplate":"https:\/\/economiafamiliar.net\/?s={search_term_string}"},"query-input":"required name=search_term_string"}],"inLanguage":"ca"},{"@type":"Organization","@id":"https:\/\/economiafamiliar.net\/#organization","name":"econom\u00edafamliar.net","url":"https:\/\/economiafamiliar.net\/","logo":{"@type":"ImageObject","inLanguage":"ca","@id":"https:\/\/economiafamiliar.net\/#\/schema\/logo\/image\/","url":"https:\/\/economiafamiliar.net\/wp-content\/uploads\/cropped-Copia-de-Copia-de-Continuacio-de-2EF-1-removebg-preview.png","contentUrl":"https:\/\/economiafamiliar.net\/wp-content\/uploads\/cropped-Copia-de-Copia-de-Continuacio-de-2EF-1-removebg-preview.png","width":500,"height":500,"caption":"econom\u00edafamliar.net"},"image":{"@id":"https:\/\/economiafamiliar.net\/#\/schema\/logo\/image\/"}}]}},"_links":{"self":[{"href":"https:\/\/economiafamiliar.net\/ca\/wp-json\/wp\/v2\/product\/790"}],"collection":[{"href":"https:\/\/economiafamiliar.net\/ca\/wp-json\/wp\/v2\/product"}],"about":[{"href":"https:\/\/economiafamiliar.net\/ca\/wp-json\/wp\/v2\/types\/product"}],"replies":[{"embeddable":true,"href":"https:\/\/economiafamiliar.net\/ca\/wp-json\/wp\/v2\/comments?post=790"}],"wp:featuredmedia":[{"embeddable":true,"href":"https:\/\/economiafamiliar.net\/ca\/wp-json\/wp\/v2\/media\/686"}],"wp:attachment":[{"href":"https:\/\/economiafamiliar.net\/ca\/wp-json\/wp\/v2\/media?parent=790"}],"wp:term":[{"taxonomy":"product_cat","embeddable":true,"href":"https:\/\/economiafamiliar.net\/ca\/wp-json\/wp\/v2\/product_cat?post=790"},{"taxonomy":"product_tag","embeddable":true,"href":"https:\/\/economiafamiliar.net\/ca\/wp-json\/wp\/v2\/product_tag?post=790"}],"curies":[{"name":"wp","href":"https:\/\/api.w.org\/{rel}","templated":true}]}}