{"id":434,"date":"2024-04-09T19:06:24","date_gmt":"2024-04-09T17:06:24","guid":{"rendered":"https:\/\/economiafamiliar.net\/?page_id=434"},"modified":"2024-06-12T12:54:29","modified_gmt":"2024-06-12T10:54:29","slug":"politica-de-cookies","status":"publish","type":"page","link":"https:\/\/economiafamiliar.net\/ca\/politica-de-cookies\/","title":{"rendered":"Galetes pol\u00edtica"},"content":{"rendered":"<div data-elementor-type=\"wp-page\" data-elementor-id=\"434\" class=\"elementor elementor-434\" data-elementor-post-type=\"page\">\n\t\t\t\t<div data-particle_enable=\"false\" data-particle-mobile-disabled=\"false\" class=\"elementor-element elementor-element-68d3661 e-flex e-con-boxed e-con e-parent\" data-id=\"68d3661\" data-element_type=\"container\" data-settings=\"{&quot;background_background&quot;:&quot;classic&quot;}\">\n\t\t\t\t\t<div class=\"e-con-inner\">\n\t\t\t\t<div class=\"elementor-element elementor-element-02ada1d elementor-widget elementor-widget-heading\" data-id=\"02ada1d\" data-element_type=\"widget\" data-widget_type=\"heading.default\">\n\t\t\t\t<div class=\"elementor-widget-container\">\n\t\t\t<style>\/*! elementor - v3.22.0 - 24-06-2024 *\/\n.elementor-heading-title{padding:0;margin:0;line-height:1}.elementor-widget-heading .elementor-heading-title[class*=elementor-size-]>a{color:inherit;font-size:inherit;line-height:inherit}.elementor-widget-heading .elementor-heading-title.elementor-size-small{font-size:15px}.elementor-widget-heading .elementor-heading-title.elementor-size-medium{font-size:19px}.elementor-widget-heading .elementor-heading-title.elementor-size-large{font-size:29px}.elementor-widget-heading .elementor-heading-title.elementor-size-xl{font-size:39px}.elementor-widget-heading .elementor-heading-title.elementor-size-xxl{font-size:59px}<\/style><h2 class=\"elementor-heading-title elementor-size-default\">Galetes pol\u00edtica<\/h2>\t\t<\/div>\n\t\t\t\t<\/div>\n\t\t\t\t\t<\/div>\n\t\t\t\t<\/div>\n\t\t<div data-particle_enable=\"false\" data-particle-mobile-disabled=\"false\" class=\"elementor-element elementor-element-6425bd8 e-flex e-con-boxed e-con e-parent\" data-id=\"6425bd8\" data-element_type=\"container\">\n\t\t\t\t\t<div class=\"e-con-inner\">\n\t\t\t\t<div class=\"elementor-element elementor-element-0967a44 elementor-widget elementor-widget-text-editor\" data-id=\"0967a44\" data-element_type=\"widget\" data-widget_type=\"text-editor.default\">\n\t\t\t\t<div class=\"elementor-widget-container\">\n\t\t\t<style>\/*! elementor - v3.22.0 - 24-06-2024 *\/\n.elementor-widget-text-editor.elementor-drop-cap-view-stacked .elementor-drop-cap{background-color:#69727d;color:#fff}.elementor-widget-text-editor.elementor-drop-cap-view-framed .elementor-drop-cap{color:#69727d;border:3px solid;background-color:transparent}.elementor-widget-text-editor:not(.elementor-drop-cap-view-default) .elementor-drop-cap{margin-top:8px}.elementor-widget-text-editor:not(.elementor-drop-cap-view-default) .elementor-drop-cap-letter{width:1em;height:1em}.elementor-widget-text-editor .elementor-drop-cap{float:left;text-align:center;line-height:1;font-size:50px}.elementor-widget-text-editor .elementor-drop-cap-letter{display:inline-block}<\/style>\t\t\t\t<p>Te informo que mi web utiliza cookies propias y de terceros.<\/p><p><span style=\"color: #2ea1b7;\"><strong>\u00bfQu\u00e9 es una cookie?<\/strong><\/span><\/p><p>Una cookie es un peque\u00f1o fichero que se descarga en tu terminal (ya sea un ordenador, tel\u00e9fono inteligente o tableta) cuando accedes a la p\u00e1gina web y que me permite almacenar o recuperar informaci\u00f3n sobre aspectos de tu navegaci\u00f3n.<\/p><p>\u00bfQu\u00e9 tipo de cookies se utilizan en esta p\u00e1gina web?<\/p><p>Mi web hace uso de cookies propias y de terceros. Utilizo estas cookies con la finalidad de posibilitar, personalizar y analizar la navegaci\u00f3n, mejorando la calidad de los servicios ofrecidos a trav\u00e9s de esta web.<\/p><p><strong><span style=\"color: #2ea1b7;\">Las cookies que utilizamos son:<\/span><\/strong><\/p><p><strong>1. Cookies t\u00e9cnicas:<\/strong> Son aqu\u00e9llas que permiten al usuario la navegaci\u00f3n a trav\u00e9s de una p\u00e1gina web, plataforma o aplicaci\u00f3n y la utilizaci\u00f3n de las diferentes opciones o servicios que en ella existan como, por ejemplo, realizar la solicitud de inscripci\u00f3n o participaci\u00f3n en un evento, utilizar elementos de seguridad durante la navegaci\u00f3n, almacenar contenidos para la difusi\u00f3n de v\u00eddeos o sonido o compartir contenidos a trav\u00e9s de redes sociales.<\/p><p><strong>2. Cookies de Marketing:<\/strong> Las cookies de marketing de terceros se utilizan para rastrear a los visitantes en las p\u00e1ginas web. La intenci\u00f3n es mostrar anuncios relevantes y atractivos para el usuario individual, y por lo tanto, m\u00e1s valiosos para los editores y terceros anunciantes. Por ejemplo, la cookie \u00ab_gcl_au\u00bbutilizado por Google AdSense para experimentar con laeficiencia publicitaria en los sitios web que utilizan susservicios. Es la cookie de origen para la funcionalidad de\u00abConversion Linker\u00bb: toma informaci\u00f3n en clics de anuncios y la almacena en una cookie de origen para que las conversiones puedan atribuirse fuera La p\u00e1gina de aterrizaje. Dura tres meses.<\/p><p><strong>3. Cookies estad\u00edsticas:<\/strong> Las cookies estad\u00edsticas ayudan a los propietarios de p\u00e1ginas web a comprender c\u00f3mo interact\u00faan los visitantes con las p\u00e1ginas web reuniendo y proporcionando informaci\u00f3n de forma an\u00f3nima. La principal cookie que utilizaGoogle Analytics es \u00ab_ga\u00bb, que permite a los servicios distinguira un usuario de otro y dura 2 a\u00f1os. La utilizan todos los sitios enlos que se implementa Google Analytics, incluidos los serviciosde Google. Otras, como la \u201cgid\u201d se utiliza para identificar almismo usuario durante un \u00fanico d\u00eda, por lo que dura 24 horas.La cookie \u201cgat\u201d se utiliza para diferenciar entre los diferentesobjetos de seguimiento creados en la sesi\u00f3n. La cookie seactualiza cada vez que env\u00eda los datos a Google Analytics. Estadura 1 minuto.<\/p><p><strong><span style=\"color: #2ea1b7;\">\u00bfQui\u00e9n utiliza las cookies?<\/span><\/strong><\/p><p>La informaci\u00f3n obtenida a trav\u00e9s de las Cookies ser\u00e1 tratada por m\u00ed y por los terceros se\u00f1alados en cada cookie con las finalidades y plazos indicados en la presente Pol\u00edtica.<\/p><p>Las cookies de terceros son cookies que se env\u00edan a tu terminal desde un dominio que no es gestionado por m\u00ed sino por otra entidad que trata los datos obtenidos a trav\u00e9s de las cookies. Esta informaci\u00f3n tambi\u00e9n ser\u00e1 tratada por las empresas proveedoras delas Cookies de Terceros indicadas en el presente documento, siendo tratada con las finalidades indicadas en sus respectivas pol\u00edticas de privacidad.<\/p><p>Si aceptas las cookies de terceros, deber\u00e1s eliminarlas desde las opciones del navegador o desde el sistema ofrecido por el propio tercero.<\/p><p>La informaci\u00f3n que recogen los complementos externos de Google en nuestro Sitio Web, incluyendo la direcci\u00f3n IP del usuario, puede ser transmitida a Google y almacenada en sus servidores, que implica una transferencia internacional de datos a Estados Unidos, pa\u00eds que no ofrece un nivel de protecci\u00f3n equivalente al de la Uni\u00f3n Europea.Esta informaci\u00f3n es gestionada enteramente por Google.<\/p><p>Para m\u00e1s informaci\u00f3n consulte: Tipos de cookies que utiliza Google y la Pol\u00edtica de Privacidad de Google.<\/p><p>En relaci\u00f3n a la Transferencia Internacional de Datos personales (en adelante, \u201cTID\u201d) a Estados Unidos, le informamos que desde laSentencia del Tribunal de Justicia de la Uni\u00f3n Europea del 16 de julio de 2020 (Asunto C-311\/18) es considerado pa\u00eds no adecuado debido al acceso de datos personales de ciudadanos europeos por parte de autoridades sin garantizar el cumplimiento de los derechos de los interesados afectados por la normativa FISA (Foreign Intelligence Surveillance Act).<\/p><p>Nuestro sitio web \u00fanicamente realizar\u00e1 las TID indicadas anteriormente si se dispone del consentimiento del usuario (a trav\u00e9s de la aceptaci\u00f3n de la instalaci\u00f3n de cookies en el banner informativo inicial) y una vez informado de los posibles riesgos a trav\u00e9s de la presente Pol\u00edtica de Cookies.<\/p><p>La base jur\u00eddica que legitima estos tratamientos es tu consentimiento, prestado a trav\u00e9s de las opciones de configuraci\u00f3n de cookies; no obstante, podr\u00e1s rechazar el uso de Cookies mediante los mecanismos indicados a continuaci\u00f3n.<\/p><p><strong><span style=\"color: #2ea1b7;\">\u00bfC\u00f3mo cambio mi configuraci\u00f3n de cookies?<\/span><\/strong><\/p><p>Cuando accedes por primera vez a mi web eres informado de la existencia de cookies y de la presente Pol\u00edtica de Cookies. Puedes aceptar la instalaci\u00f3n de las cookies pinchando en el bot\u00f3n deACEPTAR disponible en el banner de cookies o rechazar o configurar tus preferencias de cookies pinchando en el bot\u00f3n de CONFIGURAR.<\/p><p>Posteriormente, puedes consultar la presente Pol\u00edtica desde el enlace habilitado al efecto. Si deseas retirar en cualquier momento tuconsentimiento en relaci\u00f3n con las cookies del Sitio Web podr\u00e1shacerlo en el gestor de cookies o eliminar las cookies almacenadasen tu terminal, desinstalar la Aplicaci\u00f3n y modificar la configuraci\u00f3nde tu navegador de Internet. No obstante, te informo de que, si impides la instalaci\u00f3n o eliminas las cookies, algunas funcionalidades, servicios y contenidos del Sitio Web pueden verse afectados.<\/p><p>Respecto a tus derechos relativos a la protecci\u00f3n de datos por favor consulta mi Pol\u00edtica de Privacidad.<\/p><p>Una vez aceptada la instalaci\u00f3n de las cookies, la informaci\u00f3n derivada del uso de dichas cookies ser\u00e1 conservada por mi durante los plazos especificados en el gestor de cookies.<\/p><p>Los navegadores de Internet permiten visualizar, desactivar, restringir, bloquear o eliminar las cookies. A continuaci\u00f3n, se muestra c\u00f3mo puede configurar las cookies en los principales navegadores, si bien te recomiendo que consultes el Soporte o la Ayuda de tu navegador para obtener informaci\u00f3n detallada y actualizada en funci\u00f3n de la versi\u00f3n de tu navegador y el terminal utilizado.<\/p><p>\u25cf Internet Explorer Versi\u00f3n 7 y 8<\/p><p>\u25cf Internet Explorer Versi\u00f3n 9<\/p><p>\u25cf Safari \u2122 (en el Mac) y Safari \u2122 (en el iPhone, iPad o iPod touch yotros dispositivos Apple)<\/p><p>\u25cf Google\u2122<\/p><p>\u25cf Firefox\u2122.<\/p><p>\u25cf Opera\u2122<\/p><p>\u25cf Android<\/p><p>\u25cf Windows Phone<\/p><p>\u25cf Blackberry<\/p><p>Ten en cuenta que algunos navegadores permiten activar un modo privado o inc\u00f3gnito de navegaci\u00f3n en virtud del cual las cookies se instalan en el terminal, pero se eliminan de manera autom\u00e1tica cuando finaliza la sesi\u00f3n de navegaci\u00f3n.<\/p><p><strong><span style=\"color: #2ea1b7;\">Actualizaciones y cambios en la Pol\u00edtica de Cookies<\/span><\/strong><\/p><p>La variaci\u00f3n de las cookies que aparezcan en esta web puede no estar relacionada con la gesti\u00f3n y el mantenimiento de la misma, por lo que se llevan a cabo revisiones peri\u00f3dicas para adecuar la Pol\u00edtica de Cookies.<\/p><p>No puedo asumir ninguna responsabilidad por problemas legales o t\u00e9cnicos causados por el incumplimiento por parte del USUARIO de las recomendaciones incluidas y no me hago responsable del contenido y veracidad de las pol\u00edticas de privacidad de terceros.<\/p><p>Esta Pol\u00edtica de Cookies podr\u00e1 ser modificada en funci\u00f3n de exigencias legislativas, reglamentarias, o con la finalidad de adaptar dicha pol\u00edtica a las instrucciones dictadas por la Agencia Espa\u00f1ola deProtecci\u00f3n de Datos, por ello aconsejo a los Usuarios que la visiten peri\u00f3dicamente.<\/p>\t\t\t\t\t\t<\/div>\n\t\t\t\t<\/div>\n\t\t\t\t\t<\/div>\n\t\t\t\t<\/div>\n\t\t\t\t<\/div>","protected":false},"excerpt":{"rendered":"<p>Pol\u00edtica de cookies Te informo que mi web utiliza cookies propias y de terceros. \u00bfQu\u00e9 es una cookie? Una cookie es un peque\u00f1o fichero que se descarga en tu terminal (ya sea un ordenador, tel\u00e9fono inteligente o tableta) cuando accedes a la p\u00e1gina web y que me permite almacenar o recuperar informaci\u00f3n sobre aspectos de [&hellip;]<\/p>","protected":false},"author":1,"featured_media":0,"parent":0,"menu_order":0,"comment_status":"closed","ping_status":"closed","template":"","meta":{"footnotes":""},"yoast_head":"<!-- This site is optimized with the Yoast SEO plugin v22.9 - https:\/\/yoast.com\/wordpress\/plugins\/seo\/ -->\n<title>Pol\u00edtica de cookies - econom\u00edafamliar.net<\/title>\n<meta name=\"robots\" content=\"index, follow, max-snippet:-1, max-image-preview:large, max-video-preview:-1\" \/>\n<link rel=\"canonical\" href=\"https:\/\/economiafamiliar.net\/ca\/politica-de-cookies\/\" \/>\n<meta property=\"og:locale\" content=\"ca_ES\" \/>\n<meta property=\"og:type\" content=\"article\" \/>\n<meta property=\"og:title\" content=\"Pol\u00edtica de cookies - econom\u00edafamliar.net\" \/>\n<meta property=\"og:description\" content=\"Pol\u00edtica de cookies Te informo que mi web utiliza cookies propias y de terceros. \u00bfQu\u00e9 es una cookie? Una cookie es un peque\u00f1o fichero que se descarga en tu terminal (ya sea un ordenador, tel\u00e9fono inteligente o tableta) cuando accedes a la p\u00e1gina web y que me permite almacenar o recuperar informaci\u00f3n sobre aspectos de [&hellip;]\" \/>\n<meta property=\"og:url\" content=\"https:\/\/economiafamiliar.net\/ca\/politica-de-cookies\/\" \/>\n<meta property=\"og:site_name\" content=\"econom\u00edafamliar.net\" \/>\n<meta property=\"article:modified_time\" content=\"2024-06-12T10:54:29+00:00\" \/>\n<meta name=\"twitter:card\" content=\"summary_large_image\" \/>\n<meta name=\"twitter:label1\" content=\"Temps estimat de lectura\" \/>\n\t<meta name=\"twitter:data1\" content=\"6 minuts\" \/>\n<script type=\"application\/ld+json\" class=\"yoast-schema-graph\">{\"@context\":\"https:\/\/schema.org\",\"@graph\":[{\"@type\":\"WebPage\",\"@id\":\"https:\/\/economiafamiliar.net\/politica-de-cookies\/\",\"url\":\"https:\/\/economiafamiliar.net\/politica-de-cookies\/\",\"name\":\"Pol\u00edtica de cookies - econom\u00edafamliar.net\",\"isPartOf\":{\"@id\":\"https:\/\/economiafamiliar.net\/#website\"},\"datePublished\":\"2024-04-09T17:06:24+00:00\",\"dateModified\":\"2024-06-12T10:54:29+00:00\",\"breadcrumb\":{\"@id\":\"https:\/\/economiafamiliar.net\/politica-de-cookies\/#breadcrumb\"},\"inLanguage\":\"ca\",\"potentialAction\":[{\"@type\":\"ReadAction\",\"target\":[\"https:\/\/economiafamiliar.net\/politica-de-cookies\/\"]}]},{\"@type\":\"BreadcrumbList\",\"@id\":\"https:\/\/economiafamiliar.net\/politica-de-cookies\/#breadcrumb\",\"itemListElement\":[{\"@type\":\"ListItem\",\"position\":1,\"name\":\"Portada\",\"item\":\"https:\/\/economiafamiliar.net\/\"},{\"@type\":\"ListItem\",\"position\":2,\"name\":\"Pol\u00edtica de cookies\"}]},{\"@type\":\"WebSite\",\"@id\":\"https:\/\/economiafamiliar.net\/#website\",\"url\":\"https:\/\/economiafamiliar.net\/\",\"name\":\"econom\u00edafamliar.net\",\"description\":\"\",\"publisher\":{\"@id\":\"https:\/\/economiafamiliar.net\/#organization\"},\"potentialAction\":[{\"@type\":\"SearchAction\",\"target\":{\"@type\":\"EntryPoint\",\"urlTemplate\":\"https:\/\/economiafamiliar.net\/?s={search_term_string}\"},\"query-input\":\"required name=search_term_string\"}],\"inLanguage\":\"ca\"},{\"@type\":\"Organization\",\"@id\":\"https:\/\/economiafamiliar.net\/#organization\",\"name\":\"econom\u00edafamliar.net\",\"url\":\"https:\/\/economiafamiliar.net\/\",\"logo\":{\"@type\":\"ImageObject\",\"inLanguage\":\"ca\",\"@id\":\"https:\/\/economiafamiliar.net\/#\/schema\/logo\/image\/\",\"url\":\"https:\/\/economiafamiliar.net\/wp-content\/uploads\/cropped-Copia-de-Copia-de-Continuacio-de-2EF-1-removebg-preview.png\",\"contentUrl\":\"https:\/\/economiafamiliar.net\/wp-content\/uploads\/cropped-Copia-de-Copia-de-Continuacio-de-2EF-1-removebg-preview.png\",\"width\":500,\"height\":500,\"caption\":\"econom\u00edafamliar.net\"},\"image\":{\"@id\":\"https:\/\/economiafamiliar.net\/#\/schema\/logo\/image\/\"}}]}<\/script>\n<!-- \/ Yoast SEO plugin. -->","yoast_head_json":{"title":"Pol\u00edtica de cookies - econom\u00edafamliar.net","robots":{"index":"index","follow":"follow","max-snippet":"max-snippet:-1","max-image-preview":"max-image-preview:large","max-video-preview":"max-video-preview:-1"},"canonical":"https:\/\/economiafamiliar.net\/ca\/politica-de-cookies\/","og_locale":"ca_ES","og_type":"article","og_title":"Pol\u00edtica de cookies - econom\u00edafamliar.net","og_description":"Pol\u00edtica de cookies Te informo que mi web utiliza cookies propias y de terceros. \u00bfQu\u00e9 es una cookie? Una cookie es un peque\u00f1o fichero que se descarga en tu terminal (ya sea un ordenador, tel\u00e9fono inteligente o tableta) cuando accedes a la p\u00e1gina web y que me permite almacenar o recuperar informaci\u00f3n sobre aspectos de [&hellip;]","og_url":"https:\/\/economiafamiliar.net\/ca\/politica-de-cookies\/","og_site_name":"econom\u00edafamliar.net","article_modified_time":"2024-06-12T10:54:29+00:00","twitter_card":"summary_large_image","twitter_misc":{"Temps estimat de lectura":"6 minuts"},"schema":{"@context":"https:\/\/schema.org","@graph":[{"@type":"WebPage","@id":"https:\/\/economiafamiliar.net\/politica-de-cookies\/","url":"https:\/\/economiafamiliar.net\/politica-de-cookies\/","name":"Pol\u00edtica de cookies - econom\u00edafamliar.net","isPartOf":{"@id":"https:\/\/economiafamiliar.net\/#website"},"datePublished":"2024-04-09T17:06:24+00:00","dateModified":"2024-06-12T10:54:29+00:00","breadcrumb":{"@id":"https:\/\/economiafamiliar.net\/politica-de-cookies\/#breadcrumb"},"inLanguage":"ca","potentialAction":[{"@type":"ReadAction","target":["https:\/\/economiafamiliar.net\/politica-de-cookies\/"]}]},{"@type":"BreadcrumbList","@id":"https:\/\/economiafamiliar.net\/politica-de-cookies\/#breadcrumb","itemListElement":[{"@type":"ListItem","position":1,"name":"Portada","item":"https:\/\/economiafamiliar.net\/"},{"@type":"ListItem","position":2,"name":"Pol\u00edtica de cookies"}]},{"@type":"WebSite","@id":"https:\/\/economiafamiliar.net\/#website","url":"https:\/\/economiafamiliar.net\/","name":"econom\u00edafamliar.net","description":"","publisher":{"@id":"https:\/\/economiafamiliar.net\/#organization"},"potentialAction":[{"@type":"SearchAction","target":{"@type":"EntryPoint","urlTemplate":"https:\/\/economiafamiliar.net\/?s={search_term_string}"},"query-input":"required name=search_term_string"}],"inLanguage":"ca"},{"@type":"Organization","@id":"https:\/\/economiafamiliar.net\/#organization","name":"econom\u00edafamliar.net","url":"https:\/\/economiafamiliar.net\/","logo":{"@type":"ImageObject","inLanguage":"ca","@id":"https:\/\/economiafamiliar.net\/#\/schema\/logo\/image\/","url":"https:\/\/economiafamiliar.net\/wp-content\/uploads\/cropped-Copia-de-Copia-de-Continuacio-de-2EF-1-removebg-preview.png","contentUrl":"https:\/\/economiafamiliar.net\/wp-content\/uploads\/cropped-Copia-de-Copia-de-Continuacio-de-2EF-1-removebg-preview.png","width":500,"height":500,"caption":"econom\u00edafamliar.net"},"image":{"@id":"https:\/\/economiafamiliar.net\/#\/schema\/logo\/image\/"}}]}},"_links":{"self":[{"href":"https:\/\/economiafamiliar.net\/ca\/wp-json\/wp\/v2\/pages\/434"}],"collection":[{"href":"https:\/\/economiafamiliar.net\/ca\/wp-json\/wp\/v2\/pages"}],"about":[{"href":"https:\/\/economiafamiliar.net\/ca\/wp-json\/wp\/v2\/types\/page"}],"author":[{"embeddable":true,"href":"https:\/\/economiafamiliar.net\/ca\/wp-json\/wp\/v2\/users\/1"}],"replies":[{"embeddable":true,"href":"https:\/\/economiafamiliar.net\/ca\/wp-json\/wp\/v2\/comments?post=434"}],"version-history":[{"count":10,"href":"https:\/\/economiafamiliar.net\/ca\/wp-json\/wp\/v2\/pages\/434\/revisions"}],"predecessor-version":[{"id":640,"href":"https:\/\/economiafamiliar.net\/ca\/wp-json\/wp\/v2\/pages\/434\/revisions\/640"}],"wp:attachment":[{"href":"https:\/\/economiafamiliar.net\/ca\/wp-json\/wp\/v2\/media?parent=434"}],"curies":[{"name":"wp","href":"https:\/\/api.w.org\/{rel}","templated":true}]}}