{"id":351,"date":"2024-04-09T12:08:03","date_gmt":"2024-04-09T10:08:03","guid":{"rendered":"https:\/\/economiafamiliar.net\/?page_id=351"},"modified":"2024-06-25T23:47:26","modified_gmt":"2024-06-25T21:47:26","slug":"blog","status":"publish","type":"page","link":"https:\/\/economiafamiliar.net\/ca\/blog\/","title":{"rendered":"Blog"},"content":{"rendered":"<div data-elementor-type=\"wp-page\" data-elementor-id=\"351\" class=\"elementor elementor-351\" data-elementor-post-type=\"page\">\n\t\t\t\t<div data-particle_enable=\"false\" data-particle-mobile-disabled=\"false\" class=\"elementor-element elementor-element-e43ec36 e-flex e-con-boxed e-con e-parent\" data-id=\"e43ec36\" data-element_type=\"container\" data-settings=\"{&quot;background_background&quot;:&quot;classic&quot;}\">\n\t\t\t\t\t<div class=\"e-con-inner\">\n\t\t\t\t<div class=\"elementor-element elementor-element-36169cc elementor-widget elementor-widget-heading\" data-id=\"36169cc\" data-element_type=\"widget\" data-widget_type=\"heading.default\">\n\t\t\t\t<div class=\"elementor-widget-container\">\n\t\t\t<style>\/*! elementor - v3.22.0 - 24-06-2024 *\/\n.elementor-heading-title{padding:0;margin:0;line-height:1}.elementor-widget-heading .elementor-heading-title[class*=elementor-size-]>a{color:inherit;font-size:inherit;line-height:inherit}.elementor-widget-heading .elementor-heading-title.elementor-size-small{font-size:15px}.elementor-widget-heading .elementor-heading-title.elementor-size-medium{font-size:19px}.elementor-widget-heading .elementor-heading-title.elementor-size-large{font-size:29px}.elementor-widget-heading .elementor-heading-title.elementor-size-xl{font-size:39px}.elementor-widget-heading .elementor-heading-title.elementor-size-xxl{font-size:59px}<\/style><h2 class=\"elementor-heading-title elementor-size-default\">BLOG<\/h2>\t\t<\/div>\n\t\t\t\t<\/div>\n\t\t\t\t\t<\/div>\n\t\t\t\t<\/div>\n\t\t<div data-particle_enable=\"false\" data-particle-mobile-disabled=\"false\" class=\"elementor-element elementor-element-a6f9a4c e-flex e-con-boxed e-con e-parent\" data-id=\"a6f9a4c\" data-element_type=\"container\">\n\t\t\t\t\t<div class=\"e-con-inner\">\n\t\t\t\t<div class=\"elementor-element elementor-element-3b95cc1 elementor-widget elementor-widget-text-editor\" data-id=\"3b95cc1\" data-element_type=\"widget\" data-widget_type=\"text-editor.default\">\n\t\t\t\t<div class=\"elementor-widget-container\">\n\t\t\t<style>\/*! elementor - v3.22.0 - 24-06-2024 *\/\n.elementor-widget-text-editor.elementor-drop-cap-view-stacked .elementor-drop-cap{background-color:#69727d;color:#fff}.elementor-widget-text-editor.elementor-drop-cap-view-framed .elementor-drop-cap{color:#69727d;border:3px solid;background-color:transparent}.elementor-widget-text-editor:not(.elementor-drop-cap-view-default) .elementor-drop-cap{margin-top:8px}.elementor-widget-text-editor:not(.elementor-drop-cap-view-default) .elementor-drop-cap-letter{width:1em;height:1em}.elementor-widget-text-editor .elementor-drop-cap{float:left;text-align:center;line-height:1;font-size:50px}.elementor-widget-text-editor .elementor-drop-cap-letter{display:inline-block}<\/style>\t\t\t\t<p>Hola, em dic Albert, <strong>l&#039;ENTRENADOR de la FAM\u00cdLIA de l&#039;ECONOMIA<\/strong>\u00a0con m\u00e1s de 15 a\u00f1os de experiencia como educador social y un apasionado de las finanzas familiares. A lo largo de los a\u00f1os, he aprendido que gestionar las finanzas personales y familiares va mucho m\u00e1s all\u00e1 del mero hecho de mantener una cuenta de ahorro; se trata de comprender profundamente tu situaci\u00f3n, planificar con inteligencia y, sobre todo, ser creativo en el manejo de tus recursos. En este blog me dedicar\u00e9 a <strong>per a compartir amb vosaltres les estrat\u00e8gies d&#039;estalvi a poc convencional i efica\u00e7<\/strong>, <span style=\"text-decoration: underline;\">t\u00e8cniques d&#039;inversi\u00f3 pr\u00e0ctiques i de tot el que necessita per enfortir les seves finances personals i la fam\u00edlia<\/span>adaptar-se a qualsevol context o situaci\u00f3 que pot estar passant.<\/p><p>Tan, si vost\u00e8 est\u00e0 buscant formes innovadores per millorar la seva economia, vost\u00e8 est\u00e0 en el lloc correcte. Ens embarquen en un viatge que posar\u00e0 a prova la convencional i introduir m\u00e8todes d&#039;estalvi i la gesti\u00f3 financera que potser mai no s&#039;han considerat. Prepara&#039;t per explorar noves estrat\u00e8gies que no nom\u00e9s ampliar la seva financers horitzons, per\u00f2 tamb\u00e9 et dota d&#039;eines per navegar el seu finances personals i familiars a aig\u00fces m\u00e9s tranquil i pr\u00f2sper. <strong>Anem a comen\u00e7ar aquesta aventura junts!<\/strong><\/p>\t\t\t\t\t\t<\/div>\n\t\t\t\t<\/div>\n\t\t\t\t<div class=\"elementor-element elementor-element-ecc543f elementor-grid-3 elementor-grid-tablet-2 elementor-grid-mobile-1 elementor-posts--thumbnail-top elementor-posts--show-avatar elementor-card-shadow-yes elementor-posts__hover-gradient elementor-widget elementor-widget-posts\" data-id=\"ecc543f\" data-element_type=\"widget\" data-settings=\"{&quot;cards_columns&quot;:&quot;3&quot;,&quot;cards_columns_tablet&quot;:&quot;2&quot;,&quot;cards_columns_mobile&quot;:&quot;1&quot;,&quot;cards_row_gap&quot;:{&quot;unit&quot;:&quot;px&quot;,&quot;size&quot;:35,&quot;sizes&quot;:[]},&quot;cards_row_gap_tablet&quot;:{&quot;unit&quot;:&quot;px&quot;,&quot;size&quot;:&quot;&quot;,&quot;sizes&quot;:[]},&quot;cards_row_gap_mobile&quot;:{&quot;unit&quot;:&quot;px&quot;,&quot;size&quot;:&quot;&quot;,&quot;sizes&quot;:[]}}\" data-widget_type=\"posts.cards\">\n\t\t\t\t<div class=\"elementor-widget-container\">\n\t\t\t<link rel=\"stylesheet\" href=\"https:\/\/economiafamiliar.net\/wp-content\/plugins\/elementor-pro\/assets\/css\/widget-posts.min.css\">\t\t<div class=\"elementor-posts-container elementor-posts elementor-posts--skin-cards elementor-grid\">\n\t\t\t\t<article class=\"elementor-post elementor-grid-item post-682 post type-post status-publish format-standard hentry category-blog\">\n\t\t\t<div class=\"elementor-post__card\">\n\t\t\t\t<div class=\"elementor-post__text\">\n\t\t\t\t<h3 class=\"elementor-post__title\">\n\t\t\t<a href=\"https:\/\/economiafamiliar.net\/ca\/5-libros-de-finanzas-que-todo-adulto-deberia-leer\/\" target=\"&quot;_blank&quot;\">\n\t\t\t\t5 Libros de Finanzas que Todo Adulto Deber\u00eda Leer: Gu\u00eda para una Econom\u00eda Familiar S\u00f3lida\t\t\t<\/a>\n\t\t<\/h3>\n\t\t\t\t\t<div class=\"elementor-post__read-more-wrapper\">\n\t\t\n\t\t<a class=\"elementor-post__read-more\" href=\"https:\/\/economiafamiliar.net\/ca\/5-libros-de-finanzas-que-todo-adulto-deberia-leer\/\" aria-label=\"Read more about 5 Libros de Finanzas que Todo Adulto Deber\u00eda Leer: Gu\u00eda para una Econom\u00eda Familiar S\u00f3lida\" tabindex=\"-1\" target=\"_blank\">\n\t\t\tLlegir m\u00e9s &#034;\t\t<\/a>\n\n\t\t\t\t\t<\/div>\n\t\t\t\t<\/div>\n\t\t\t\t<div class=\"elementor-post__meta-data\">\n\t\t\t\t\t<span class=\"elementor-post-date\">\n\t\t\t14 de juny de 2024\t\t<\/span>\n\t\t\t\t<span class=\"elementor-post-avatar\">\n\t\t\tNo hi ha comentaris\t\t<\/span>\n\t\t\t\t<\/div>\n\t\t\t\t\t<\/div>\n\t\t<\/article>\n\t\t\t\t<article class=\"elementor-post elementor-grid-item post-519 post type-post status-publish format-standard hentry category-blog\">\n\t\t\t<div class=\"elementor-post__card\">\n\t\t\t\t<div class=\"elementor-post__text\">\n\t\t\t\t<h3 class=\"elementor-post__title\">\n\t\t\t<a href=\"https:\/\/economiafamiliar.net\/ca\/transforma-tus-gastos-diarios-en-ahorros-estrategicos\/\" target=\"&quot;_blank&quot;\">\n\t\t\t\tTransformar el Seu Diari les Despeses en assegurances d&#039;Estalvi, Estrat\u00e8gic\t\t\t<\/a>\n\t\t<\/h3>\n\t\t\t\t\t<div class=\"elementor-post__read-more-wrapper\">\n\t\t\n\t\t<a class=\"elementor-post__read-more\" href=\"https:\/\/economiafamiliar.net\/ca\/transforma-tus-gastos-diarios-en-ahorros-estrategicos\/\" aria-label=\"Read more about Transforma Tus Gastos Diarios en Ahorros Estrat\u00e9gicos\" tabindex=\"-1\" target=\"_blank\">\n\t\t\tLlegir m\u00e9s &#034;\t\t<\/a>\n\n\t\t\t\t\t<\/div>\n\t\t\t\t<\/div>\n\t\t\t\t<div class=\"elementor-post__meta-data\">\n\t\t\t\t\t<span class=\"elementor-post-date\">\n\t\t\t12 d&#039;abril 2024\t\t<\/span>\n\t\t\t\t<span class=\"elementor-post-avatar\">\n\t\t\tNo hi ha comentaris\t\t<\/span>\n\t\t\t\t<\/div>\n\t\t\t\t\t<\/div>\n\t\t<\/article>\n\t\t\t\t<article class=\"elementor-post elementor-grid-item post-506 post type-post status-publish format-standard hentry category-blog\">\n\t\t\t<div class=\"elementor-post__card\">\n\t\t\t\t<div class=\"elementor-post__text\">\n\t\t\t\t<h3 class=\"elementor-post__title\">\n\t\t\t<a href=\"https:\/\/economiafamiliar.net\/ca\/planes-de-ahorro-personalizados-tu-estrategia-unica\/\" target=\"&quot;_blank&quot;\">\n\t\t\t\tPlans d&#039;estalvi Costum: la Seva \u00danica Estrat\u00e8gia\t\t\t<\/a>\n\t\t<\/h3>\n\t\t\t\t\t<div class=\"elementor-post__read-more-wrapper\">\n\t\t\n\t\t<a class=\"elementor-post__read-more\" href=\"https:\/\/economiafamiliar.net\/ca\/planes-de-ahorro-personalizados-tu-estrategia-unica\/\" aria-label=\"Read more about Planes de Ahorro Personalizados: Tu Estrategia \u00danica\" tabindex=\"-1\" target=\"_blank\">\n\t\t\tLlegir m\u00e9s &#034;\t\t<\/a>\n\n\t\t\t\t\t<\/div>\n\t\t\t\t<\/div>\n\t\t\t\t<div class=\"elementor-post__meta-data\">\n\t\t\t\t\t<span class=\"elementor-post-date\">\n\t\t\t12 d&#039;abril 2024\t\t<\/span>\n\t\t\t\t<span class=\"elementor-post-avatar\">\n\t\t\tNo hi ha comentaris\t\t<\/span>\n\t\t\t\t<\/div>\n\t\t\t\t\t<\/div>\n\t\t<\/article>\n\t\t\t\t<\/div>\n\t\t\n\t\t\t\t<\/div>\n\t\t\t\t<\/div>\n\t\t\t\t\t<\/div>\n\t\t\t\t<\/div>\n\t\t\t\t<\/div>","protected":false},"excerpt":{"rendered":"<p>BLOG Hola, soy Albert, tu ENTRENADOR DE ECONOM\u00cdA FAMILIAR\u00a0con m\u00e1s de 15 a\u00f1os de experiencia como educador social y un apasionado de las finanzas familiares. A lo largo de los a\u00f1os, he aprendido que gestionar las finanzas personales y familiares va mucho m\u00e1s all\u00e1 del mero hecho de mantener una<\/p>","protected":false},"author":1,"featured_media":0,"parent":0,"menu_order":0,"comment_status":"closed","ping_status":"closed","template":"","meta":{"footnotes":""},"yoast_head":"<!-- This site is optimized with the Yoast SEO plugin v22.9 - https:\/\/yoast.com\/wordpress\/plugins\/seo\/ -->\n<title>Blog - econom\u00edafamliar.net<\/title>\n<meta name=\"robots\" content=\"index, follow, max-snippet:-1, max-image-preview:large, max-video-preview:-1\" \/>\n<link rel=\"canonical\" href=\"https:\/\/economiafamiliar.net\/ca\/blog\/\" \/>\n<meta property=\"og:locale\" content=\"ca_ES\" \/>\n<meta property=\"og:type\" content=\"article\" \/>\n<meta property=\"og:title\" content=\"Blog - econom\u00edafamliar.net\" \/>\n<meta property=\"og:description\" content=\"BLOG Hola, soy Albert, tu ENTRENADOR DE ECONOM\u00cdA FAMILIAR\u00a0con m\u00e1s de 15 a\u00f1os de experiencia como educador social y un apasionado de las finanzas familiares. A lo largo de los a\u00f1os, he aprendido que gestionar las finanzas personales y familiares va mucho m\u00e1s all\u00e1 del mero hecho de mantener una\" \/>\n<meta property=\"og:url\" content=\"https:\/\/economiafamiliar.net\/ca\/blog\/\" \/>\n<meta property=\"og:site_name\" content=\"econom\u00edafamliar.net\" \/>\n<meta property=\"article:modified_time\" content=\"2024-06-25T21:47:26+00:00\" \/>\n<meta name=\"twitter:card\" content=\"summary_large_image\" \/>\n<meta name=\"twitter:label1\" content=\"Temps estimat de lectura\" \/>\n\t<meta name=\"twitter:data1\" content=\"1 minut\" \/>\n<script type=\"application\/ld+json\" class=\"yoast-schema-graph\">{\"@context\":\"https:\/\/schema.org\",\"@graph\":[{\"@type\":\"WebPage\",\"@id\":\"https:\/\/economiafamiliar.net\/blog\/\",\"url\":\"https:\/\/economiafamiliar.net\/blog\/\",\"name\":\"Blog - econom\u00edafamliar.net\",\"isPartOf\":{\"@id\":\"https:\/\/economiafamiliar.net\/#website\"},\"datePublished\":\"2024-04-09T10:08:03+00:00\",\"dateModified\":\"2024-06-25T21:47:26+00:00\",\"breadcrumb\":{\"@id\":\"https:\/\/economiafamiliar.net\/blog\/#breadcrumb\"},\"inLanguage\":\"ca\",\"potentialAction\":[{\"@type\":\"ReadAction\",\"target\":[\"https:\/\/economiafamiliar.net\/blog\/\"]}]},{\"@type\":\"BreadcrumbList\",\"@id\":\"https:\/\/economiafamiliar.net\/blog\/#breadcrumb\",\"itemListElement\":[{\"@type\":\"ListItem\",\"position\":1,\"name\":\"Portada\",\"item\":\"https:\/\/economiafamiliar.net\/\"},{\"@type\":\"ListItem\",\"position\":2,\"name\":\"Blog\"}]},{\"@type\":\"WebSite\",\"@id\":\"https:\/\/economiafamiliar.net\/#website\",\"url\":\"https:\/\/economiafamiliar.net\/\",\"name\":\"econom\u00edafamliar.net\",\"description\":\"\",\"publisher\":{\"@id\":\"https:\/\/economiafamiliar.net\/#organization\"},\"potentialAction\":[{\"@type\":\"SearchAction\",\"target\":{\"@type\":\"EntryPoint\",\"urlTemplate\":\"https:\/\/economiafamiliar.net\/?s={search_term_string}\"},\"query-input\":\"required name=search_term_string\"}],\"inLanguage\":\"ca\"},{\"@type\":\"Organization\",\"@id\":\"https:\/\/economiafamiliar.net\/#organization\",\"name\":\"econom\u00edafamliar.net\",\"url\":\"https:\/\/economiafamiliar.net\/\",\"logo\":{\"@type\":\"ImageObject\",\"inLanguage\":\"ca\",\"@id\":\"https:\/\/economiafamiliar.net\/#\/schema\/logo\/image\/\",\"url\":\"https:\/\/economiafamiliar.net\/wp-content\/uploads\/cropped-Copia-de-Copia-de-Continuacio-de-2EF-1-removebg-preview.png\",\"contentUrl\":\"https:\/\/economiafamiliar.net\/wp-content\/uploads\/cropped-Copia-de-Copia-de-Continuacio-de-2EF-1-removebg-preview.png\",\"width\":500,\"height\":500,\"caption\":\"econom\u00edafamliar.net\"},\"image\":{\"@id\":\"https:\/\/economiafamiliar.net\/#\/schema\/logo\/image\/\"}}]}<\/script>\n<!-- \/ Yoast SEO plugin. -->","yoast_head_json":{"title":"Blog - econom\u00edafamliar.net","robots":{"index":"index","follow":"follow","max-snippet":"max-snippet:-1","max-image-preview":"max-image-preview:large","max-video-preview":"max-video-preview:-1"},"canonical":"https:\/\/economiafamiliar.net\/ca\/blog\/","og_locale":"ca_ES","og_type":"article","og_title":"Blog - econom\u00edafamliar.net","og_description":"BLOG Hola, soy Albert, tu ENTRENADOR DE ECONOM\u00cdA FAMILIAR\u00a0con m\u00e1s de 15 a\u00f1os de experiencia como educador social y un apasionado de las finanzas familiares. A lo largo de los a\u00f1os, he aprendido que gestionar las finanzas personales y familiares va mucho m\u00e1s all\u00e1 del mero hecho de mantener una","og_url":"https:\/\/economiafamiliar.net\/ca\/blog\/","og_site_name":"econom\u00edafamliar.net","article_modified_time":"2024-06-25T21:47:26+00:00","twitter_card":"summary_large_image","twitter_misc":{"Temps estimat de lectura":"1 minut"},"schema":{"@context":"https:\/\/schema.org","@graph":[{"@type":"WebPage","@id":"https:\/\/economiafamiliar.net\/blog\/","url":"https:\/\/economiafamiliar.net\/blog\/","name":"Blog - econom\u00edafamliar.net","isPartOf":{"@id":"https:\/\/economiafamiliar.net\/#website"},"datePublished":"2024-04-09T10:08:03+00:00","dateModified":"2024-06-25T21:47:26+00:00","breadcrumb":{"@id":"https:\/\/economiafamiliar.net\/blog\/#breadcrumb"},"inLanguage":"ca","potentialAction":[{"@type":"ReadAction","target":["https:\/\/economiafamiliar.net\/blog\/"]}]},{"@type":"BreadcrumbList","@id":"https:\/\/economiafamiliar.net\/blog\/#breadcrumb","itemListElement":[{"@type":"ListItem","position":1,"name":"Portada","item":"https:\/\/economiafamiliar.net\/"},{"@type":"ListItem","position":2,"name":"Blog"}]},{"@type":"WebSite","@id":"https:\/\/economiafamiliar.net\/#website","url":"https:\/\/economiafamiliar.net\/","name":"econom\u00edafamliar.net","description":"","publisher":{"@id":"https:\/\/economiafamiliar.net\/#organization"},"potentialAction":[{"@type":"SearchAction","target":{"@type":"EntryPoint","urlTemplate":"https:\/\/economiafamiliar.net\/?s={search_term_string}"},"query-input":"required name=search_term_string"}],"inLanguage":"ca"},{"@type":"Organization","@id":"https:\/\/economiafamiliar.net\/#organization","name":"econom\u00edafamliar.net","url":"https:\/\/economiafamiliar.net\/","logo":{"@type":"ImageObject","inLanguage":"ca","@id":"https:\/\/economiafamiliar.net\/#\/schema\/logo\/image\/","url":"https:\/\/economiafamiliar.net\/wp-content\/uploads\/cropped-Copia-de-Copia-de-Continuacio-de-2EF-1-removebg-preview.png","contentUrl":"https:\/\/economiafamiliar.net\/wp-content\/uploads\/cropped-Copia-de-Copia-de-Continuacio-de-2EF-1-removebg-preview.png","width":500,"height":500,"caption":"econom\u00edafamliar.net"},"image":{"@id":"https:\/\/economiafamiliar.net\/#\/schema\/logo\/image\/"}}]}},"_links":{"self":[{"href":"https:\/\/economiafamiliar.net\/ca\/wp-json\/wp\/v2\/pages\/351"}],"collection":[{"href":"https:\/\/economiafamiliar.net\/ca\/wp-json\/wp\/v2\/pages"}],"about":[{"href":"https:\/\/economiafamiliar.net\/ca\/wp-json\/wp\/v2\/types\/page"}],"author":[{"embeddable":true,"href":"https:\/\/economiafamiliar.net\/ca\/wp-json\/wp\/v2\/users\/1"}],"replies":[{"embeddable":true,"href":"https:\/\/economiafamiliar.net\/ca\/wp-json\/wp\/v2\/comments?post=351"}],"version-history":[{"count":25,"href":"https:\/\/economiafamiliar.net\/ca\/wp-json\/wp\/v2\/pages\/351\/revisions"}],"predecessor-version":[{"id":782,"href":"https:\/\/economiafamiliar.net\/ca\/wp-json\/wp\/v2\/pages\/351\/revisions\/782"}],"wp:attachment":[{"href":"https:\/\/economiafamiliar.net\/ca\/wp-json\/wp\/v2\/media?parent=351"}],"curies":[{"name":"wp","href":"https:\/\/api.w.org\/{rel}","templated":true}]}}