{"id":225,"date":"2023-12-28T18:30:42","date_gmt":"2023-12-28T17:30:42","guid":{"rendered":"https:\/\/economiafamiliar.net\/?page_id=225"},"modified":"2023-12-28T19:06:13","modified_gmt":"2023-12-28T18:06:13","slug":"ahora-si-que-si","status":"publish","type":"page","link":"https:\/\/economiafamiliar.net\/ca\/ahora-si-que-si\/","title":{"rendered":""},"content":{"rendered":"<p class=\"has-luminous-vivid-orange-color has-white-background-color has-text-color has-background has-link-color wp-elements-799c931c6541eebaf9669bd8c9dec80d\" style=\"font-size:77px\"><strong>Ahora s\u00ed que s\u00ed<\/strong><\/p>\n\n\n\n<p class=\"has-pale-pink-color has-text-color has-link-color has-x-large-font-size wp-elements-424840e98e4f4ed35947394c5bce9125\"><\/p>","protected":false},"excerpt":{"rendered":"<p>Ahora s\u00ed que s\u00ed<\/p>","protected":false},"author":1,"featured_media":104,"parent":0,"menu_order":14,"comment_status":"closed","ping_status":"closed","template":"","meta":{"footnotes":""},"yoast_head":"<!-- This site is optimized with the Yoast SEO plugin v22.9 - https:\/\/yoast.com\/wordpress\/plugins\/seo\/ -->\n<title>- econom\u00edafamliar.net<\/title>\n<meta name=\"robots\" content=\"index, follow, max-snippet:-1, max-image-preview:large, max-video-preview:-1\" \/>\n<link rel=\"canonical\" href=\"https:\/\/economiafamiliar.net\/ca\/ahora-si-que-si\/\" \/>\n<meta property=\"og:locale\" content=\"ca_ES\" \/>\n<meta property=\"og:type\" content=\"article\" \/>\n<meta property=\"og:title\" content=\"- econom\u00edafamliar.net\" \/>\n<meta property=\"og:description\" content=\"Ahora s\u00ed que s\u00ed\" \/>\n<meta property=\"og:url\" content=\"https:\/\/economiafamiliar.net\/ca\/ahora-si-que-si\/\" \/>\n<meta property=\"og:site_name\" content=\"econom\u00edafamliar.net\" \/>\n<meta property=\"article:modified_time\" content=\"2023-12-28T18:06:13+00:00\" \/>\n<meta property=\"og:image\" content=\"https:\/\/economiafamiliar.net\/wp-content\/uploads\/2023\/12\/pexels-tatiana-syrikova-3933989-scaled.jpg\" \/>\n\t<meta property=\"og:image:width\" content=\"2560\" \/>\n\t<meta property=\"og:image:height\" content=\"1707\" \/>\n\t<meta property=\"og:image:type\" content=\"image\/jpeg\" \/>\n<meta name=\"twitter:card\" content=\"summary_large_image\" \/>\n<script type=\"application\/ld+json\" class=\"yoast-schema-graph\">{\"@context\":\"https:\/\/schema.org\",\"@graph\":[{\"@type\":\"WebPage\",\"@id\":\"https:\/\/economiafamiliar.net\/ahora-si-que-si\/\",\"url\":\"https:\/\/economiafamiliar.net\/ahora-si-que-si\/\",\"name\":\"- econom\u00edafamliar.net\",\"isPartOf\":{\"@id\":\"https:\/\/economiafamiliar.net\/#website\"},\"primaryImageOfPage\":{\"@id\":\"https:\/\/economiafamiliar.net\/ahora-si-que-si\/#primaryimage\"},\"image\":{\"@id\":\"https:\/\/economiafamiliar.net\/ahora-si-que-si\/#primaryimage\"},\"thumbnailUrl\":\"https:\/\/economiafamiliar.net\/wp-content\/uploads\/2023\/12\/pexels-tatiana-syrikova-3933989-scaled.jpg\",\"datePublished\":\"2023-12-28T17:30:42+00:00\",\"dateModified\":\"2023-12-28T18:06:13+00:00\",\"inLanguage\":\"ca\",\"potentialAction\":[{\"@type\":\"ReadAction\",\"target\":[\"https:\/\/economiafamiliar.net\/ahora-si-que-si\/\"]}]},{\"@type\":\"ImageObject\",\"inLanguage\":\"ca\",\"@id\":\"https:\/\/economiafamiliar.net\/ahora-si-que-si\/#primaryimage\",\"url\":\"https:\/\/economiafamiliar.net\/wp-content\/uploads\/2023\/12\/pexels-tatiana-syrikova-3933989-scaled.jpg\",\"contentUrl\":\"https:\/\/economiafamiliar.net\/wp-content\/uploads\/2023\/12\/pexels-tatiana-syrikova-3933989-scaled.jpg\",\"width\":2560,\"height\":1707},{\"@type\":\"WebSite\",\"@id\":\"https:\/\/economiafamiliar.net\/#website\",\"url\":\"https:\/\/economiafamiliar.net\/\",\"name\":\"econom\u00edafamliar.net\",\"description\":\"\",\"publisher\":{\"@id\":\"https:\/\/economiafamiliar.net\/#organization\"},\"potentialAction\":[{\"@type\":\"SearchAction\",\"target\":{\"@type\":\"EntryPoint\",\"urlTemplate\":\"https:\/\/economiafamiliar.net\/?s={search_term_string}\"},\"query-input\":\"required name=search_term_string\"}],\"inLanguage\":\"ca\"},{\"@type\":\"Organization\",\"@id\":\"https:\/\/economiafamiliar.net\/#organization\",\"name\":\"econom\u00edafamliar.net\",\"url\":\"https:\/\/economiafamiliar.net\/\",\"logo\":{\"@type\":\"ImageObject\",\"inLanguage\":\"ca\",\"@id\":\"https:\/\/economiafamiliar.net\/#\/schema\/logo\/image\/\",\"url\":\"https:\/\/economiafamiliar.net\/wp-content\/uploads\/cropped-Copia-de-Copia-de-Continuacio-de-2EF-1-removebg-preview.png\",\"contentUrl\":\"https:\/\/economiafamiliar.net\/wp-content\/uploads\/cropped-Copia-de-Copia-de-Continuacio-de-2EF-1-removebg-preview.png\",\"width\":500,\"height\":500,\"caption\":\"econom\u00edafamliar.net\"},\"image\":{\"@id\":\"https:\/\/economiafamiliar.net\/#\/schema\/logo\/image\/\"}}]}<\/script>\n<!-- \/ Yoast SEO plugin. -->","yoast_head_json":{"title":"- econom\u00edafamliar.net","robots":{"index":"index","follow":"follow","max-snippet":"max-snippet:-1","max-image-preview":"max-image-preview:large","max-video-preview":"max-video-preview:-1"},"canonical":"https:\/\/economiafamiliar.net\/ca\/ahora-si-que-si\/","og_locale":"ca_ES","og_type":"article","og_title":"- econom\u00edafamliar.net","og_description":"Ahora s\u00ed que s\u00ed","og_url":"https:\/\/economiafamiliar.net\/ca\/ahora-si-que-si\/","og_site_name":"econom\u00edafamliar.net","article_modified_time":"2023-12-28T18:06:13+00:00","og_image":[{"width":2560,"height":1707,"url":"https:\/\/economiafamiliar.net\/wp-content\/uploads\/2023\/12\/pexels-tatiana-syrikova-3933989-scaled.jpg","type":"image\/jpeg"}],"twitter_card":"summary_large_image","schema":{"@context":"https:\/\/schema.org","@graph":[{"@type":"WebPage","@id":"https:\/\/economiafamiliar.net\/ahora-si-que-si\/","url":"https:\/\/economiafamiliar.net\/ahora-si-que-si\/","name":"- econom\u00edafamliar.net","isPartOf":{"@id":"https:\/\/economiafamiliar.net\/#website"},"primaryImageOfPage":{"@id":"https:\/\/economiafamiliar.net\/ahora-si-que-si\/#primaryimage"},"image":{"@id":"https:\/\/economiafamiliar.net\/ahora-si-que-si\/#primaryimage"},"thumbnailUrl":"https:\/\/economiafamiliar.net\/wp-content\/uploads\/2023\/12\/pexels-tatiana-syrikova-3933989-scaled.jpg","datePublished":"2023-12-28T17:30:42+00:00","dateModified":"2023-12-28T18:06:13+00:00","inLanguage":"ca","potentialAction":[{"@type":"ReadAction","target":["https:\/\/economiafamiliar.net\/ahora-si-que-si\/"]}]},{"@type":"ImageObject","inLanguage":"ca","@id":"https:\/\/economiafamiliar.net\/ahora-si-que-si\/#primaryimage","url":"https:\/\/economiafamiliar.net\/wp-content\/uploads\/2023\/12\/pexels-tatiana-syrikova-3933989-scaled.jpg","contentUrl":"https:\/\/economiafamiliar.net\/wp-content\/uploads\/2023\/12\/pexels-tatiana-syrikova-3933989-scaled.jpg","width":2560,"height":1707},{"@type":"WebSite","@id":"https:\/\/economiafamiliar.net\/#website","url":"https:\/\/economiafamiliar.net\/","name":"econom\u00edafamliar.net","description":"","publisher":{"@id":"https:\/\/economiafamiliar.net\/#organization"},"potentialAction":[{"@type":"SearchAction","target":{"@type":"EntryPoint","urlTemplate":"https:\/\/economiafamiliar.net\/?s={search_term_string}"},"query-input":"required name=search_term_string"}],"inLanguage":"ca"},{"@type":"Organization","@id":"https:\/\/economiafamiliar.net\/#organization","name":"econom\u00edafamliar.net","url":"https:\/\/economiafamiliar.net\/","logo":{"@type":"ImageObject","inLanguage":"ca","@id":"https:\/\/economiafamiliar.net\/#\/schema\/logo\/image\/","url":"https:\/\/economiafamiliar.net\/wp-content\/uploads\/cropped-Copia-de-Copia-de-Continuacio-de-2EF-1-removebg-preview.png","contentUrl":"https:\/\/economiafamiliar.net\/wp-content\/uploads\/cropped-Copia-de-Copia-de-Continuacio-de-2EF-1-removebg-preview.png","width":500,"height":500,"caption":"econom\u00edafamliar.net"},"image":{"@id":"https:\/\/economiafamiliar.net\/#\/schema\/logo\/image\/"}}]}},"_links":{"self":[{"href":"https:\/\/economiafamiliar.net\/ca\/wp-json\/wp\/v2\/pages\/225"}],"collection":[{"href":"https:\/\/economiafamiliar.net\/ca\/wp-json\/wp\/v2\/pages"}],"about":[{"href":"https:\/\/economiafamiliar.net\/ca\/wp-json\/wp\/v2\/types\/page"}],"author":[{"embeddable":true,"href":"https:\/\/economiafamiliar.net\/ca\/wp-json\/wp\/v2\/users\/1"}],"replies":[{"embeddable":true,"href":"https:\/\/economiafamiliar.net\/ca\/wp-json\/wp\/v2\/comments?post=225"}],"version-history":[{"count":7,"href":"https:\/\/economiafamiliar.net\/ca\/wp-json\/wp\/v2\/pages\/225\/revisions"}],"predecessor-version":[{"id":237,"href":"https:\/\/economiafamiliar.net\/ca\/wp-json\/wp\/v2\/pages\/225\/revisions\/237"}],"wp:featuredmedia":[{"embeddable":true,"href":"https:\/\/economiafamiliar.net\/ca\/wp-json\/wp\/v2\/media\/104"}],"wp:attachment":[{"href":"https:\/\/economiafamiliar.net\/ca\/wp-json\/wp\/v2\/media?parent=225"}],"curies":[{"name":"wp","href":"https:\/\/api.w.org\/{rel}","templated":true}]}}